{"id":744,"date":"2023-07-10T13:19:37","date_gmt":"2023-07-10T05:19:37","guid":{"rendered":"https:\/\/topfastpcba.com\/?page_id=744"},"modified":"2024-01-26T18:04:14","modified_gmt":"2024-01-26T10:04:14","slug":"privacy-policy","status":"publish","type":"page","link":"https:\/\/topfastpcba.com\/pt\/privacy-policy\/","title":{"rendered":"Pol\u00edtica de privacidade"},"content":{"rendered":"<p>This privacy notice for Topfast Technology Ltd. (doing business as \u201cTopfast PCB\u201d &#8220;Topfast &#8221; &#8220;we &#8221; &#8220;us&#8221; or &#8220;our&#8221;, describes how and why we might collect, store, use, and\/or share (&#8220;process&#8221;) your information when you use our services (&#8220;Services&#8221;), such as when you:<\/p>\n\n\n\n<p>Visite nosso site em <a href=\"https:\/\/topfastpcba.com\/pt\/\">https:\/\/topfastpcba.com<\/a> ou qualquer site nosso que tenha um link para este aviso de privacidade<\/p>\n\n\n\n<p>Envolver-se conosco de outras formas relacionadas, incluindo vendas, marketing ou eventos<\/p>\n\n\n\n<h2 class=\"wp-block-heading\">D\u00favidas ou preocupa\u00e7\u00f5es?<\/h2>\n\n\n\n<p>Reading this privacy notice will help you understand your privacy rights and choices. If you do not agree with our policies and practices, please do not use our Services. lf you still have any questions or concerns, please contact us at: operations@topfastpcb.com<\/p>\n\n\n\n<p>Esta pol\u00edtica de privacidade se aplica \u00e0 coleta, ao uso e \u00e0 divulga\u00e7\u00e3o de informa\u00e7\u00f5es pessoais coletadas pela TopFast PCB por meio de nosso site https:\/\/topfastpcba.com.<\/p>\n\n\n\n<h2 class=\"wp-block-heading\">Coleta de informa\u00e7\u00f5es pessoais:<\/h2>\n\n\n\n<p>Coletamos informa\u00e7\u00f5es pessoais, como seu nome, endere\u00e7o de e-mail, nome da empresa e sua mensagem de solicita\u00e7\u00e3o.<\/p>\n\n\n\n<p>Como processamos suas informa\u00e7\u00f5es? Processamos suas informa\u00e7\u00f5es para fornecer, melhorar e administrar nossos servi\u00e7os, nos comunicarmos com voc\u00ea, para seguran\u00e7a e preven\u00e7\u00e3o de fraudes e para cumprir a lei. Processamos suas informa\u00e7\u00f5es somente quando temos um motivo legal v\u00e1lido para faz\u00ea-lo.<\/p>\n\n\n\n<h2 class=\"wp-block-heading\">Uso de informa\u00e7\u00f5es pessoais:<\/h2>\n\n\n\n<p>Usamos suas informa\u00e7\u00f5es pessoais para responder \u00e0s suas perguntas, fornecer informa\u00e7\u00f5es sobre nossos produtos e servi\u00e7os e melhorar nosso site e o atendimento ao cliente. Tamb\u00e9m podemos usar suas informa\u00e7\u00f5es pessoais para enviar comunica\u00e7\u00f5es de marketing que acreditamos ser de seu interesse.<\/p>\n\n\n\n<h2 class=\"wp-block-heading\">Divulga\u00e7\u00e3o de informa\u00e7\u00f5es pessoais:<\/h2>\n\n\n\n<p>Usamos as informa\u00e7\u00f5es pessoais que coletamos para responder \u00e0s suas perguntas e fornecer as informa\u00e7\u00f5es e os servi\u00e7os solicitados. Tamb\u00e9m podemos usar suas informa\u00e7\u00f5es pessoais para enviar comunica\u00e7\u00f5es de marketing, como boletins informativos e e-mails promocionais, caso voc\u00ea tenha optado por receb\u00ea-los.<\/p>\n\n\n\n<h2 class=\"wp-block-heading\">Uso de cookies:<\/h2>\n\n\n\n<p>Nosso site usa cookies para melhorar a experi\u00eancia do usu\u00e1rio e rastrear o uso do site. N\u00e3o usamos cookies para coletar informa\u00e7\u00f5es pessoais.<\/p>\n\n\n\n<h2 class=\"wp-block-heading\">Seguran\u00e7a de dados:<\/h2>\n\n\n\n<p>Resumindo: nosso objetivo \u00e9 proteger suas informa\u00e7\u00f5es pessoais por meio de um sistema de medidas de seguran\u00e7a organizacionais e t\u00e9cnicas.<\/p>\n\n\n\n<p>Implementamos medidas de seguran\u00e7a t\u00e9cnicas e organizacionais apropriadas e razo\u00e1veis destinadas a proteger a seguran\u00e7a de todas as informa\u00e7\u00f5es pessoais que processamos, incluindo, entre outras, seu nome, informa\u00e7\u00f5es da empresa, endere\u00e7o de e-mail e telefone etc. No entanto, apesar de nossas salvaguardas e esfor\u00e7os para proteger suas informa\u00e7\u00f5es, nenhuma transmiss\u00e3o eletr\u00f4nica pela Internet ou tecnologia de armazenamento de informa\u00e7\u00f5es pode ser garantida como 100% segura, portanto, n\u00e3o podemos prometer ou garantir que hackers, criminosos cibern\u00e9ticos ou outros terceiros n\u00e3o autorizados n\u00e3o consigam burlar nossa seguran\u00e7a e coletar, acessar, roubar ou modificar indevidamente suas informa\u00e7\u00f5es. Embora fa\u00e7amos o poss\u00edvel para proteger suas informa\u00e7\u00f5es pessoais, a transmiss\u00e3o de informa\u00e7\u00f5es pessoais de e para nossos Servi\u00e7os \u00e9 feita por sua pr\u00f3pria conta e risco. Voc\u00ea s\u00f3 deve acessar os Servi\u00e7os em um ambiente seguro.<\/p>\n\n\n\n<h2 class=\"wp-block-heading\">Seus direitos:<\/h2>\n\n\n\n<p>You have the right to access, correct, or delete your personal information that we have collected from you. You may also request that we restrict the processing of your personal information or object to our processing of your personal information. To exercise your rights, please contact us using the contact information: operations@topfastpcb.com<\/p>\n\n\n\n<h2 class=\"wp-block-heading\">Entre em contato conosco:<\/h2>\n\n\n\n<p>Com base nas leis aplic\u00e1veis do seu pa\u00eds, voc\u00ea pode ter o direito de solicitar acesso \u00e0s informa\u00e7\u00f5es pessoais que coletamos de voc\u00ea, alterar essas informa\u00e7\u00f5es ou exclu\u00ed-las. Para solicitar a revis\u00e3o, atualiza\u00e7\u00e3o ou exclus\u00e3o de suas informa\u00e7\u00f5es pessoais, entre em contato conosco: <a href=\"https:\/\/topfastpcba.com\/pt\/contact\/\">https:\/\/topfastpcba.com\/contact<\/a> .<\/p>\n\n\n\n<h2 class=\"wp-block-heading\">Atualiza\u00e7\u00f5es:<\/h2>\n\n\n\n<p>Podemos atualizar esta pol\u00edtica de privacidade de tempos em tempos, a vers\u00e3o atualizada por uma \"data de revis\u00e3o\" atualizada e a vers\u00e3o atualizada entrar\u00e1 em vigor assim que estiver dispon\u00edvel. Se fizermos altera\u00e7\u00f5es substanciais neste aviso de privacidade, poderemos notific\u00e1-lo por meio da publica\u00e7\u00e3o em destaque de um aviso sobre essas altera\u00e7\u00f5es ou pelo envio direto de sua notifica\u00e7\u00e3o. Recomendamos que voc\u00ea reveja este aviso de privacidade com frequ\u00eancia para se manter informado sobre como estamos protegendo suas informa\u00e7\u00f5es. Em caso de d\u00favidas ou coment\u00e1rios sobre este aviso, sinta-se \u00e0 vontade para entrar em contato conosco:&nbsp;&nbsp;&nbsp;&nbsp;&nbsp; <a href=\"mailto:operations@topfastpcb.com\">operations@topfastpcb.com<\/a><\/p>","protected":false},"excerpt":{"rendered":"<p>This privacy notice for Topfast Technology Ltd. (doing business as \u201cTopfast PCB\u201d &#8220;Topfast &#8221; &#8220;we &#8221; &#8220;us&#8221; or &#8220;our&#8221;, describes how and why we might collect, store, use, and\/or share (&#8220;process&#8221;) your information when you use our services (&#8220;Services&#8221;), such as when you: Visit our website at https:\/\/topfastpcba.com , or any website of ours that [&hellip;]<\/p>","protected":false},"author":1,"featured_media":0,"parent":0,"menu_order":0,"comment_status":"closed","ping_status":"closed","template":"","meta":{"footnotes":""},"class_list":["post-744","page","type-page","status-publish","hentry"],"yoast_head":"<!-- This site is optimized with the Yoast SEO plugin v24.6 - https:\/\/yoast.com\/wordpress\/plugins\/seo\/ -->\n<title>Privacy Policy - TopFast PCBA | Respect for Your Data<\/title>\n<meta name=\"description\" content=\"Understand TopFast PCBA&#039;s commitment to your privacy. We clearly outline how we collect, use, protect and handle your personal information.\" \/>\n<meta name=\"robots\" content=\"index, follow, max-snippet:-1, max-image-preview:large, max-video-preview:-1\" \/>\n<link rel=\"canonical\" href=\"https:\/\/topfastpcba.com\/pt\/privacy-policy\/\" \/>\n<meta property=\"og:locale\" content=\"pt_BR\" \/>\n<meta property=\"og:type\" content=\"article\" \/>\n<meta property=\"og:title\" content=\"Privacy Policy - TopFast PCBA | Respect for Your Data\" \/>\n<meta property=\"og:description\" content=\"Understand TopFast PCBA&#039;s commitment to your privacy. We clearly outline how we collect, use, protect and handle your personal information.\" \/>\n<meta property=\"og:url\" content=\"https:\/\/topfastpcba.com\/pt\/privacy-policy\/\" \/>\n<meta property=\"og:site_name\" content=\"Topfastpcba\" \/>\n<meta property=\"article:modified_time\" content=\"2024-01-26T10:04:14+00:00\" \/>\n<meta name=\"twitter:card\" content=\"summary_large_image\" \/>\n<meta name=\"twitter:label1\" content=\"Est. tempo de leitura\" \/>\n\t<meta name=\"twitter:data1\" content=\"4 minutos\" \/>\n<script type=\"application\/ld+json\" class=\"yoast-schema-graph\">{\"@context\":\"https:\/\/schema.org\",\"@graph\":[{\"@type\":\"WebPage\",\"@id\":\"https:\/\/topfastpcba.com\/privacy-policy\/\",\"url\":\"https:\/\/topfastpcba.com\/privacy-policy\/\",\"name\":\"Privacy Policy - TopFast PCBA | Respect for Your Data\",\"isPartOf\":{\"@id\":\"https:\/\/topfastpcba.com\/#website\"},\"datePublished\":\"2023-07-10T05:19:37+00:00\",\"dateModified\":\"2024-01-26T10:04:14+00:00\",\"description\":\"Understand TopFast PCBA's commitment to your privacy. We clearly outline how we collect, use, protect and handle your personal information.\",\"breadcrumb\":{\"@id\":\"https:\/\/topfastpcba.com\/privacy-policy\/#breadcrumb\"},\"inLanguage\":\"pt-BR\",\"potentialAction\":[{\"@type\":\"ReadAction\",\"target\":[\"https:\/\/topfastpcba.com\/privacy-policy\/\"]}]},{\"@type\":\"BreadcrumbList\",\"@id\":\"https:\/\/topfastpcba.com\/privacy-policy\/#breadcrumb\",\"itemListElement\":[{\"@type\":\"ListItem\",\"position\":1,\"name\":\"Home\",\"item\":\"https:\/\/topfastpcba.com\/\"},{\"@type\":\"ListItem\",\"position\":2,\"name\":\"Privacy Policy\"}]},{\"@type\":\"WebSite\",\"@id\":\"https:\/\/topfastpcba.com\/#website\",\"url\":\"https:\/\/topfastpcba.com\/\",\"name\":\"Topfastpcba\",\"description\":\"Topfast Prime Choice for Global Electronics Manufacturing\",\"potentialAction\":[{\"@type\":\"SearchAction\",\"target\":{\"@type\":\"EntryPoint\",\"urlTemplate\":\"https:\/\/topfastpcba.com\/?s={search_term_string}\"},\"query-input\":{\"@type\":\"PropertyValueSpecification\",\"valueRequired\":true,\"valueName\":\"search_term_string\"}}],\"inLanguage\":\"pt-BR\"}]}<\/script>\n<!-- \/ Yoast SEO plugin. -->","yoast_head_json":{"title":"Privacy Policy - TopFast PCBA | Respect for Your Data","description":"Understand TopFast PCBA's commitment to your privacy. We clearly outline how we collect, use, protect and handle your personal information.","robots":{"index":"index","follow":"follow","max-snippet":"max-snippet:-1","max-image-preview":"max-image-preview:large","max-video-preview":"max-video-preview:-1"},"canonical":"https:\/\/topfastpcba.com\/pt\/privacy-policy\/","og_locale":"pt_BR","og_type":"article","og_title":"Privacy Policy - TopFast PCBA | Respect for Your Data","og_description":"Understand TopFast PCBA's commitment to your privacy. We clearly outline how we collect, use, protect and handle your personal information.","og_url":"https:\/\/topfastpcba.com\/pt\/privacy-policy\/","og_site_name":"Topfastpcba","article_modified_time":"2024-01-26T10:04:14+00:00","twitter_card":"summary_large_image","twitter_misc":{"Est. tempo de leitura":"4 minutos"},"schema":{"@context":"https:\/\/schema.org","@graph":[{"@type":"WebPage","@id":"https:\/\/topfastpcba.com\/privacy-policy\/","url":"https:\/\/topfastpcba.com\/privacy-policy\/","name":"Privacy Policy - TopFast PCBA | Respect for Your Data","isPartOf":{"@id":"https:\/\/topfastpcba.com\/#website"},"datePublished":"2023-07-10T05:19:37+00:00","dateModified":"2024-01-26T10:04:14+00:00","description":"Understand TopFast PCBA's commitment to your privacy. We clearly outline how we collect, use, protect and handle your personal information.","breadcrumb":{"@id":"https:\/\/topfastpcba.com\/privacy-policy\/#breadcrumb"},"inLanguage":"pt-BR","potentialAction":[{"@type":"ReadAction","target":["https:\/\/topfastpcba.com\/privacy-policy\/"]}]},{"@type":"BreadcrumbList","@id":"https:\/\/topfastpcba.com\/privacy-policy\/#breadcrumb","itemListElement":[{"@type":"ListItem","position":1,"name":"Home","item":"https:\/\/topfastpcba.com\/"},{"@type":"ListItem","position":2,"name":"Privacy Policy"}]},{"@type":"WebSite","@id":"https:\/\/topfastpcba.com\/#website","url":"https:\/\/topfastpcba.com\/","name":"Topfastpcba","description":"Topfast Prime Choice for Global Electronics Manufacturing","potentialAction":[{"@type":"SearchAction","target":{"@type":"EntryPoint","urlTemplate":"https:\/\/topfastpcba.com\/?s={search_term_string}"},"query-input":{"@type":"PropertyValueSpecification","valueRequired":true,"valueName":"search_term_string"}}],"inLanguage":"pt-BR"}]}},"_links":{"self":[{"href":"https:\/\/topfastpcba.com\/pt\/wp-json\/wp\/v2\/pages\/744","targetHints":{"allow":["GET"]}}],"collection":[{"href":"https:\/\/topfastpcba.com\/pt\/wp-json\/wp\/v2\/pages"}],"about":[{"href":"https:\/\/topfastpcba.com\/pt\/wp-json\/wp\/v2\/types\/page"}],"author":[{"embeddable":true,"href":"https:\/\/topfastpcba.com\/pt\/wp-json\/wp\/v2\/users\/1"}],"replies":[{"embeddable":true,"href":"https:\/\/topfastpcba.com\/pt\/wp-json\/wp\/v2\/comments?post=744"}],"version-history":[{"count":1,"href":"https:\/\/topfastpcba.com\/pt\/wp-json\/wp\/v2\/pages\/744\/revisions"}],"predecessor-version":[{"id":745,"href":"https:\/\/topfastpcba.com\/pt\/wp-json\/wp\/v2\/pages\/744\/revisions\/745"}],"wp:attachment":[{"href":"https:\/\/topfastpcba.com\/pt\/wp-json\/wp\/v2\/media?parent=744"}],"curies":[{"name":"wp","href":"https:\/\/api.w.org\/{rel}","templated":true}]}}