{"id":744,"date":"2023-07-10T13:19:37","date_gmt":"2023-07-10T05:19:37","guid":{"rendered":"https:\/\/topfastpcba.com\/?page_id=744"},"modified":"2024-01-26T18:04:14","modified_gmt":"2024-01-26T10:04:14","slug":"privacy-policy","status":"publish","type":"page","link":"https:\/\/topfastpcba.com\/fr\/privacy-policy\/","title":{"rendered":"Politique de confidentialit\u00e9"},"content":{"rendered":"<p>This privacy notice for Topfast Technology Ltd. (doing business as \u201cTopfast PCB\u201d &#8220;Topfast &#8221; &#8220;we &#8221; &#8220;us&#8221; or &#8220;our&#8221;, describes how and why we might collect, store, use, and\/or share (&#8220;process&#8221;) your information when you use our services (&#8220;Services&#8221;), such as when you:<\/p>\n\n\n\n<p>Visitez notre site web \u00e0 l'adresse suivante <a href=\"https:\/\/topfastpcba.com\/fr\/\">https:\/\/topfastpcba.com<\/a> ou tout autre site web qui renvoie \u00e0 la pr\u00e9sente note sur la protection de la vie priv\u00e9e<\/p>\n\n\n\n<p>s'engager avec nous dans d'autres domaines connexes, y compris les ventes, le marketing ou les \u00e9v\u00e9nements<\/p>\n\n\n\n<h2 class=\"wp-block-heading\">Questions ou pr\u00e9occupations ?<\/h2>\n\n\n\n<p>Reading this privacy notice will help you understand your privacy rights and choices. If you do not agree with our policies and practices, please do not use our Services. lf you still have any questions or concerns, please contact us at: operations@topfastpcb.com<\/p>\n\n\n\n<p>Cette politique de confidentialit\u00e9 s'applique \u00e0 la collecte, \u00e0 l'utilisation et \u00e0 la divulgation des informations personnelles collect\u00e9es par TopFast PCB par le biais de notre site web https:\/\/topfastpcba.com.<\/p>\n\n\n\n<h2 class=\"wp-block-heading\">Collecte d'informations personnelles :<\/h2>\n\n\n\n<p>Nous recueillons des informations personnelles telles que votre nom, votre adresse \u00e9lectronique, le nom de votre entreprise et le message de votre demande.<\/p>\n\n\n\n<p>Comment traitons-nous vos informations ? Nous traitons vos informations afin de fournir, d'am\u00e9liorer et de g\u00e9rer nos services, de communiquer avec vous, d'assurer la s\u00e9curit\u00e9 et la pr\u00e9vention des fraudes et de nous conformer \u00e0 la loi. Nous ne traitons vos informations que lorsque nous avons une raison l\u00e9gale valable de le faire.<\/p>\n\n\n\n<h2 class=\"wp-block-heading\">Utilisation des informations personnelles :<\/h2>\n\n\n\n<p>Nous utilisons vos informations personnelles pour r\u00e9pondre \u00e0 vos demandes, vous fournir des informations sur nos produits et services et am\u00e9liorer notre site web et notre assistance \u00e0 la client\u00e8le. Nous pouvons \u00e9galement utiliser vos informations personnelles pour vous envoyer des communications marketing susceptibles de vous int\u00e9resser.<\/p>\n\n\n\n<h2 class=\"wp-block-heading\">Divulgation d'informations personnelles :<\/h2>\n\n\n\n<p>Nous utilisons les informations personnelles que nous recueillons aupr\u00e8s de vous pour r\u00e9pondre \u00e0 vos demandes et vous fournir les informations et les services que vous demandez. Nous pouvons \u00e9galement utiliser vos informations personnelles pour vous envoyer des communications commerciales, telles que des bulletins d'information et des courriels promotionnels, si vous avez choisi de les recevoir.<\/p>\n\n\n\n<h2 class=\"wp-block-heading\">Utilisation de cookies :<\/h2>\n\n\n\n<p>Notre site web utilise des cookies pour am\u00e9liorer l'exp\u00e9rience de l'utilisateur et pour suivre l'utilisation du site. Nous n'utilisons pas de cookies pour collecter des informations personnelles.<\/p>\n\n\n\n<h2 class=\"wp-block-heading\">S\u00e9curit\u00e9 des donn\u00e9es :<\/h2>\n\n\n\n<p>En bref : nous visons \u00e0 prot\u00e9ger vos informations personnelles gr\u00e2ce \u00e0 un syst\u00e8me de mesures de s\u00e9curit\u00e9 organisationnelles et techniques.<\/p>\n\n\n\n<p>Nous avons mis en \u0153uvre des mesures de s\u00e9curit\u00e9 techniques et organisationnelles appropri\u00e9es et raisonnables con\u00e7ues pour prot\u00e9ger la s\u00e9curit\u00e9 de toutes les informations personnelles que nous traitons, y compris, mais sans s'y limiter, votre nom, les informations relatives \u00e0 votre entreprise, votre adresse \u00e9lectronique, votre num\u00e9ro de t\u00e9l\u00e9phone, etc. Toutefois, malgr\u00e9 nos mesures de protection et nos efforts pour s\u00e9curiser vos informations, aucune transmission \u00e9lectronique sur Internet ou technologie de stockage des informations ne peut \u00eatre garantie \u00e0 100 %, de sorte que nous ne pouvons pas promettre ou garantir que les pirates informatiques, les cybercriminels ou d'autres tiers non autoris\u00e9s ne seront pas en mesure de d\u00e9jouer notre s\u00e9curit\u00e9 et de collecter, d'acc\u00e9der, de voler, de modifier vos informations de mani\u00e8re inappropri\u00e9e. Bien que nous fassions de notre mieux pour prot\u00e9ger vos informations personnelles, la transmission d'informations personnelles vers et \u00e0 partir de nos services se fait \u00e0 vos risques et p\u00e9rils. Vous ne devez acc\u00e9der aux services que dans un environnement s\u00e9curis\u00e9.<\/p>\n\n\n\n<h2 class=\"wp-block-heading\">Vos droits :<\/h2>\n\n\n\n<p>You have the right to access, correct, or delete your personal information that we have collected from you. You may also request that we restrict the processing of your personal information or object to our processing of your personal information. To exercise your rights, please contact us using the contact information: operations@topfastpcb.com<\/p>\n\n\n\n<h2 class=\"wp-block-heading\">Contactez-nous :<\/h2>\n\n\n\n<p>En fonction des lois applicables dans votre pays, vous pouvez avoir le droit de demander l'acc\u00e8s aux informations personnelles que nous recueillons aupr\u00e8s de vous, de modifier ces informations ou de les supprimer. Pour demander la r\u00e9vision, la mise \u00e0 jour ou la suppression de vos informations personnelles, veuillez nous contacter \u00e0 l'adresse suivante : <a href=\"https:\/\/topfastpcba.com\/fr\/contact\/\">https:\/\/topfastpcba.com\/contact<\/a> .<\/p>\n\n\n\n<h2 class=\"wp-block-heading\">Mises \u00e0 jour :<\/h2>\n\n\n\n<p>Nous pouvons mettre \u00e0 jour cette politique de confidentialit\u00e9 de temps \u00e0 autre, la version mise \u00e0 jour par une date de mise \u00e0 jour &#8220;r\u00e9vis\u00e9e et la version mise \u00e0 jour sera effective d\u00e8s qu'elle sera accessible. Si nous apportons des modifications importantes \u00e0 la pr\u00e9sente d\u00e9claration de confidentialit\u00e9, nous pouvons vous en informer soit en affichant de mani\u00e8re visible une notification de ces modifications, soit en vous envoyant directement votre notification. Nous vous encourageons \u00e0 consulter r\u00e9guli\u00e8rement le pr\u00e9sent avis de confidentialit\u00e9 afin de vous tenir inform\u00e9 de la mani\u00e8re dont nous prot\u00e9geons vos informations. Si vous avez des questions ou des commentaires sur cette notice, n'h\u00e9sitez pas \u00e0 nous contacter :&nbsp;&nbsp;&nbsp;&nbsp;&nbsp; <a href=\"mailto:operations@topfastpcb.com\">operations@topfastpcb.com<\/a><\/p>","protected":false},"excerpt":{"rendered":"<p>This privacy notice for Topfast Technology Ltd. (doing business as \u201cTopfast PCB\u201d &#8220;Topfast &#8221; &#8220;we &#8221; &#8220;us&#8221; or &#8220;our&#8221;, describes how and why we might collect, store, use, and\/or share (&#8220;process&#8221;) your information when you use our services (&#8220;Services&#8221;), such as when you: Visit our website at https:\/\/topfastpcba.com , or any website of ours that [&hellip;]<\/p>","protected":false},"author":1,"featured_media":0,"parent":0,"menu_order":0,"comment_status":"closed","ping_status":"closed","template":"","meta":{"footnotes":""},"class_list":["post-744","page","type-page","status-publish","hentry"],"yoast_head":"<!-- This site is optimized with the Yoast SEO plugin v24.6 - https:\/\/yoast.com\/wordpress\/plugins\/seo\/ -->\n<title>Privacy Policy - TopFast PCBA | Respect for Your Data<\/title>\n<meta name=\"description\" content=\"Understand TopFast PCBA&#039;s commitment to your privacy. We clearly outline how we collect, use, protect and handle your personal information.\" \/>\n<meta name=\"robots\" content=\"index, follow, max-snippet:-1, max-image-preview:large, max-video-preview:-1\" \/>\n<link rel=\"canonical\" href=\"https:\/\/topfastpcba.com\/fr\/privacy-policy\/\" \/>\n<meta property=\"og:locale\" content=\"fr_FR\" \/>\n<meta property=\"og:type\" content=\"article\" \/>\n<meta property=\"og:title\" content=\"Privacy Policy - TopFast PCBA | Respect for Your Data\" \/>\n<meta property=\"og:description\" content=\"Understand TopFast PCBA&#039;s commitment to your privacy. We clearly outline how we collect, use, protect and handle your personal information.\" \/>\n<meta property=\"og:url\" content=\"https:\/\/topfastpcba.com\/fr\/privacy-policy\/\" \/>\n<meta property=\"og:site_name\" content=\"Topfastpcba\" \/>\n<meta property=\"article:modified_time\" content=\"2024-01-26T10:04:14+00:00\" \/>\n<meta name=\"twitter:card\" content=\"summary_large_image\" \/>\n<meta name=\"twitter:label1\" content=\"Dur\u00e9e de lecture estim\u00e9e\" \/>\n\t<meta name=\"twitter:data1\" content=\"4 minutes\" \/>\n<script type=\"application\/ld+json\" class=\"yoast-schema-graph\">{\"@context\":\"https:\/\/schema.org\",\"@graph\":[{\"@type\":\"WebPage\",\"@id\":\"https:\/\/topfastpcba.com\/privacy-policy\/\",\"url\":\"https:\/\/topfastpcba.com\/privacy-policy\/\",\"name\":\"Privacy Policy - TopFast PCBA | Respect for Your Data\",\"isPartOf\":{\"@id\":\"https:\/\/topfastpcba.com\/#website\"},\"datePublished\":\"2023-07-10T05:19:37+00:00\",\"dateModified\":\"2024-01-26T10:04:14+00:00\",\"description\":\"Understand TopFast PCBA's commitment to your privacy. We clearly outline how we collect, use, protect and handle your personal information.\",\"breadcrumb\":{\"@id\":\"https:\/\/topfastpcba.com\/privacy-policy\/#breadcrumb\"},\"inLanguage\":\"fr-FR\",\"potentialAction\":[{\"@type\":\"ReadAction\",\"target\":[\"https:\/\/topfastpcba.com\/privacy-policy\/\"]}]},{\"@type\":\"BreadcrumbList\",\"@id\":\"https:\/\/topfastpcba.com\/privacy-policy\/#breadcrumb\",\"itemListElement\":[{\"@type\":\"ListItem\",\"position\":1,\"name\":\"Home\",\"item\":\"https:\/\/topfastpcba.com\/\"},{\"@type\":\"ListItem\",\"position\":2,\"name\":\"Privacy Policy\"}]},{\"@type\":\"WebSite\",\"@id\":\"https:\/\/topfastpcba.com\/#website\",\"url\":\"https:\/\/topfastpcba.com\/\",\"name\":\"Topfastpcba\",\"description\":\"Topfast Prime Choice for Global Electronics Manufacturing\",\"potentialAction\":[{\"@type\":\"SearchAction\",\"target\":{\"@type\":\"EntryPoint\",\"urlTemplate\":\"https:\/\/topfastpcba.com\/?s={search_term_string}\"},\"query-input\":{\"@type\":\"PropertyValueSpecification\",\"valueRequired\":true,\"valueName\":\"search_term_string\"}}],\"inLanguage\":\"fr-FR\"}]}<\/script>\n<!-- \/ Yoast SEO plugin. -->","yoast_head_json":{"title":"Privacy Policy - TopFast PCBA | Respect for Your Data","description":"Understand TopFast PCBA's commitment to your privacy. We clearly outline how we collect, use, protect and handle your personal information.","robots":{"index":"index","follow":"follow","max-snippet":"max-snippet:-1","max-image-preview":"max-image-preview:large","max-video-preview":"max-video-preview:-1"},"canonical":"https:\/\/topfastpcba.com\/fr\/privacy-policy\/","og_locale":"fr_FR","og_type":"article","og_title":"Privacy Policy - TopFast PCBA | Respect for Your Data","og_description":"Understand TopFast PCBA's commitment to your privacy. We clearly outline how we collect, use, protect and handle your personal information.","og_url":"https:\/\/topfastpcba.com\/fr\/privacy-policy\/","og_site_name":"Topfastpcba","article_modified_time":"2024-01-26T10:04:14+00:00","twitter_card":"summary_large_image","twitter_misc":{"Dur\u00e9e de lecture estim\u00e9e":"4 minutes"},"schema":{"@context":"https:\/\/schema.org","@graph":[{"@type":"WebPage","@id":"https:\/\/topfastpcba.com\/privacy-policy\/","url":"https:\/\/topfastpcba.com\/privacy-policy\/","name":"Privacy Policy - TopFast PCBA | Respect for Your Data","isPartOf":{"@id":"https:\/\/topfastpcba.com\/#website"},"datePublished":"2023-07-10T05:19:37+00:00","dateModified":"2024-01-26T10:04:14+00:00","description":"Understand TopFast PCBA's commitment to your privacy. We clearly outline how we collect, use, protect and handle your personal information.","breadcrumb":{"@id":"https:\/\/topfastpcba.com\/privacy-policy\/#breadcrumb"},"inLanguage":"fr-FR","potentialAction":[{"@type":"ReadAction","target":["https:\/\/topfastpcba.com\/privacy-policy\/"]}]},{"@type":"BreadcrumbList","@id":"https:\/\/topfastpcba.com\/privacy-policy\/#breadcrumb","itemListElement":[{"@type":"ListItem","position":1,"name":"Home","item":"https:\/\/topfastpcba.com\/"},{"@type":"ListItem","position":2,"name":"Privacy Policy"}]},{"@type":"WebSite","@id":"https:\/\/topfastpcba.com\/#website","url":"https:\/\/topfastpcba.com\/","name":"Topfastpcba","description":"Topfast Prime Choice for Global Electronics Manufacturing","potentialAction":[{"@type":"SearchAction","target":{"@type":"EntryPoint","urlTemplate":"https:\/\/topfastpcba.com\/?s={search_term_string}"},"query-input":{"@type":"PropertyValueSpecification","valueRequired":true,"valueName":"search_term_string"}}],"inLanguage":"fr-FR"}]}},"_links":{"self":[{"href":"https:\/\/topfastpcba.com\/fr\/wp-json\/wp\/v2\/pages\/744","targetHints":{"allow":["GET"]}}],"collection":[{"href":"https:\/\/topfastpcba.com\/fr\/wp-json\/wp\/v2\/pages"}],"about":[{"href":"https:\/\/topfastpcba.com\/fr\/wp-json\/wp\/v2\/types\/page"}],"author":[{"embeddable":true,"href":"https:\/\/topfastpcba.com\/fr\/wp-json\/wp\/v2\/users\/1"}],"replies":[{"embeddable":true,"href":"https:\/\/topfastpcba.com\/fr\/wp-json\/wp\/v2\/comments?post=744"}],"version-history":[{"count":1,"href":"https:\/\/topfastpcba.com\/fr\/wp-json\/wp\/v2\/pages\/744\/revisions"}],"predecessor-version":[{"id":745,"href":"https:\/\/topfastpcba.com\/fr\/wp-json\/wp\/v2\/pages\/744\/revisions\/745"}],"wp:attachment":[{"href":"https:\/\/topfastpcba.com\/fr\/wp-json\/wp\/v2\/media?parent=744"}],"curies":[{"name":"wp","href":"https:\/\/api.w.org\/{rel}","templated":true}]}}