{"id":7421,"date":"2025-07-26T15:23:41","date_gmt":"2025-07-26T07:23:41","guid":{"rendered":"https:\/\/topfastpcba.com\/?page_id=7421"},"modified":"2026-01-21T10:56:36","modified_gmt":"2026-01-21T02:56:36","slug":"electronic-components","status":"publish","type":"page","link":"https:\/\/topfastpcba.com\/fr\/electronic-components\/","title":{"rendered":"Composants \u00e9lectroniques"},"content":{"rendered":"<h2>\n                    PCBA 4 couches 14 jours Notre engagement<br \/>\n                <\/h2>\n<p>Plus rapide &amp;#038 ; Services professionnels d'assemblage de circuits imprim\u00e9s cl\u00e9s en main<\/p>\n<p>                <a href=\"https:\/\/topfastpcba.com\/fr\/contact\/\" rel=\"nofollow\">Obtenir un devis imm\u00e9diat<\/a><\/p>\n<style>\n\/* \u5185\u9875Banner\u6837\u5f0f - tfp-innerpage \u524d\u7f00\u786e\u4fdd\u552f\u4e00\u6027 *\/\n.tfp-innerpage-banner {\n    position: relative;\n    width: 100%;\n    height: 400px;\n    overflow: hidden;\n}\n.tfp-innerpage-banner-bg {\n    position: absolute;\n    width: 100%;\n    height: 100%;\n    background-size: cover;\n    background-position: center;\n    background-repeat: no-repeat;\n}\n.tfp-innerpage-banner-overlay {\n    position: absolute;\n    width: 100%;\n    height: 100%;\n    z-index: 1;\n}\n.tfp-innerpage-banner-content {\n    position: relative;\n    z-index: 2;\n    height: 100%;\n    display: flex;\n    align-items: center;\n    max-width: 1200px;\n    margin: 0 auto;\n    padding: 0 40px;\n}\n.tfp-innerpage-banner-text {\n    max-width: 600px;\n}\n.tfp-innerpage-banner-title {\n    color: white;\n    font-size: 42px;\n    font-weight: 700;\n    line-height: 1.2;\n    margin-bottom: 15px;\n    white-space: nowrap; \/* PC\u7aef\u4e0d\u6362\u884c *\/\n}\n.tfp-green-text {\n    color: #4CAF50; \/* \u7eff\u8272\u6587\u5b57 *\/\n}\n.tfp-innerpage-banner-subtitle {\n    color: white;\n    font-size: 20px;\n    font-weight: 300;\n    margin-bottom: 30px;\n}\n.tfp-innerpage-banner-button {\n    display: inline-block;\n    background: #4CAF50;\n    color: white;\n    padding: 12px 30px;\n    font-size: 16px;\n    font-weight: 500;\n    text-decoration: none;\n    border-radius: 4px;\n    transition: all 0.3s;\n}\n.tfp-innerpage-banner-button:hover {\n    background: #3d8b40;\n    transform: translateY(-2px);\n    box-shadow: 0 4px 8px rgba(0,0,0,0.1);\n}\n\/* \u54cd\u5e94\u5f0f\u8c03\u6574 *\/\n@media (max-width: 992px) {\n    .tfp-innerpage-banner {\n        height: 350px;\n    }\n    .tfp-innerpage-banner-title {\n        font-size: 36px;\n        white-space: normal; \/* \u5e73\u677f\/\u624b\u673a\u5141\u8bb8\u6362\u884c *\/\n    }\n}\n@media (max-width: 768px) {\n    .tfp-innerpage-banner {\n        height: 300px;\n    }\n    .tfp-innerpage-banner-content {\n        padding: 0 20px;\n    }\n    .tfp-innerpage-banner-title {\n        font-size: 28px;\n    }\n    .tfp-innerpage-banner-subtitle {\n        font-size: 18px;\n    }\n    .tfp-innerpage-banner-button {\n        padding: 10px 25px;\n    }\n}\n<\/style>\n<style>\n\/* Base Styles *\/\n.tf-component-page {\n  max-width: 1300px;\n  margin: 0 auto;\n  padding: 0 20px;\n  font-family: 'Montserrat', Arial, sans-serif;\n  color: #333;\n  box-sizing: border-box;\n}\n.tf-section-title {\n  font-size: 2rem;\n  text-align: center;\n  margin-bottom: 50px;\n  color: #2c3e50;\n  position: relative;\n}\n.tf-section-title::after {\n  content: '';\n  display: block;\n  width: 60px;\n  height: 4px;\n  background: linear-gradient(90deg, #27ae60, #6fcf97);\n  margin: 15px auto 0;\n}\n\/* Hero Section *\/\n.tf-hero-section {\n  display: flex;\n  align-items: center;\n  gap: 50px;\n  margin: 60px 0;\n}\n.tf-hero-content {\n  flex: 1;\n}\n.tf-hero-badge {\n  display: inline-block;\n  background: #e74c3c;\n  color: white;\n  padding: 6px 15px;\n  border-radius: 20px;\n  font-size: 0.9rem;\n  font-weight: 600;\n  margin-bottom: 20px;\n}\n.tf-hero-section h1 {\n  font-size: 2.8rem;\n  font-weight: 700;\n  color: #2c3e50;\n  margin-bottom: 15px;\n  line-height: 1.2;\n}\n.tf-hero-subtitle {\n  font-size: 1.3rem;\n  color: #5a6a7a;\n  margin-bottom: 30px;\n}\n.tf-hero-stats {\n  display: flex;\n  gap: 30px;\n  margin-top: 40px;\n}\n.tf-stat-item {\n  text-align: center;\n}\n.tf-stat-value {\n  font-size: 2.2rem;\n  font-weight: 700;\n  color: #27ae60;\n  line-height: 1;\n}\n.tf-stat-label {\n  font-size: 0.9rem;\n  color: #7f8c8d;\n  margin-top: 5px;\n}\n.tf-hero-visual {\n  flex: 1;\n}\n.tf-hero-visual img {\n  width: 100%;\n  border-radius: 10px;\n  box-shadow: 0 20px 40px rgba(0,0,0,0.1);\n}\n\/* Advantage Cards *\/\n.tf-advantages-grid {\n  display: grid;\n  grid-template-columns: repeat(auto-fit, minmax(300px, 1fr));\n  gap: 30px;\n  margin: 60px 0;\n}\n.tf-advantage-card {\n  background: white;\n  border-radius: 15px;\n  padding: 40px 30px;\n  text-align: center;\n  box-shadow: 0 10px 30px rgba(0,0,0,0.05);\n  position: relative;\n  overflow: hidden;\n  transition: transform 0.3s;\n}\n.tf-advantage-card:hover {\n  transform: translateY(-10px);\n}\n.tf-advantage-icon {\n  width: 80px;\n  height: 80px;\n  margin: 0 auto 25px;\n  border-radius: 50%;\n  position: relative;\n}\n.tf-advantage-icon::before {\n  content: '';\n  position: absolute;\n  inset: 0;\n  border-radius: 50%;\n  opacity: 0.1;\n}\n.tf-supply-icon::before { background: #3498db; }\n.tf-cost-icon::before { background: #27ae60; }\n.tf-quality-icon::before { background: #e74c3c; }\n.tf-advantage-icon::after {\n  font-family: 'Font Awesome 5 Free';\n  font-weight: 900;\n  position: absolute;\n  top: 50%;\n  left: 50%;\n  transform: translate(-50%, -50%);\n  font-size: 2rem;\n}\n.tf-supply-icon::after { content: 'f0d1'; color: #3498db; }\n.tf-cost-icon::after { content: 'f155'; color: #27ae60; }\n.tf-quality-icon::after { content: 'f00c'; color: #e74c3c; }\n.tf-advantage-card h3 {\n  font-size: 1.5rem;\n  margin-bottom: 15px;\n  color: #2c3e50;\n}\n.tf-advantage-card p {\n  color: #7f8c8d;\n  line-height: 1.6;\n  margin-bottom: 20px;\n}\n.tf-advantage-tag {\n  display: inline-block;\n  padding: 6px 15px;\n  background: rgba(39,174,96,0.1);\n  color: #27ae60;\n  border-radius: 20px;\n  font-size: 0.8rem;\n  font-weight: 600;\n}\n\/* Model Showcase *\/\n.tf-section-header {\n  display: flex;\n  justify-content: space-between;\n  align-items: center;\n  margin-bottom: 30px;\n}\n.tf-brand-logos {\n  display: flex;\n  gap: 20px;\n}\n.tf-brand-logos img {\n  height: 40px;\n  opacity: 0.8;\n  transition: opacity 0.3s;\n}\n.tf-brand-logos img:hover {\n  opacity: 1;\n}\n.tf-models-tabs {\n  background: white;\n  border-radius: 15px;\n  box-shadow: 0 10px 30px rgba(0,0,0,0.05);\n  overflow: hidden;\n}\n.tf-tab-buttons {\n  display: flex;\n  border-bottom: 1px solid #eee;\n}\n.tf-tab-btn {\n  flex: 1;\n  padding: 15px;\n  border: none;\n  background: none;\n  font-size: 1rem;\n  font-weight: 600;\n  color: #95a5a6;\n  cursor: pointer;\n  transition: all 0.3s;\n}\n.tf-tab-btn.active {\n  color: #27ae60;\n  box-shadow: inset 0 -3px 0 #27ae60;\n}\n.tf-tab-content {\n  display: none;\n  padding: 30px;\n}\n.tf-tab-content.active {\n  display: block;\n}\n.tf-model-showcase {\n  display: grid;\n  grid-template-columns: repeat(auto-fill, minmax(250px, 1fr));\n  gap: 20px;\n}\n.tf-model-card {\n  display: flex;\n  gap: 15px;\n  align-items: center;\n  padding: 15px;\n  border-radius: 8px;\n  transition: all 0.3s;\n  border: 1px solid rgba(0,0,0,0.05);\n}\n.tf-model-card:hover {\n  background: #f8f9fa;\n  transform: translateY(-3px);\n}\n.tf-model-image {\n  width: 80px;\n  height: 60px;\n  display: flex;\n  align-items: center;\n  justify-content: center;\n  background: #f8f9fa;\n  border-radius: 6px;\n}\n.tf-model-image img {\n  max-width: 100%;\n  max-height: 100%;\n}\n.tf-model-info h4 {\n  font-size: 0.95rem;\n  color: #2c3e50;\n  margin-bottom: 5px;\n}\n.tf-model-info p {\n  font-size: 0.85rem;\n  color: #7f8c8d;\n  margin-bottom: 5px;\n}\n.tf-model-meta {\n  font-size: 0.75rem;\n  color: #27ae60;\n  font-weight: 600;\n}\n\/* BOM Process *\/\n.tf-process-flow {\n  display: flex;\n  justify-content: center;\n  gap: 20px;\n  margin: 50px 0;\n}\n.tf-process-step {\n  flex: 1;\n  max-width: 300px;\n  text-align: center;\n  position: relative;\n}\n.tf-process-step::after {\n  content: '';\n  position: absolute;\n  top: 40px;\n  left: 100%;\n  width: 20px;\n  height: 2px;\n  background: #ddd;\n}\n.tf-process-step:last-child::after {\n  display: none;\n}\n.tf-step-number {\n  width: 80px;\n  height: 80px;\n  background: linear-gradient(135deg, #27ae60, #6fcf97);\n  color: white;\n  border-radius: 50%;\n  display: flex;\n  align-items: center;\n  justify-content: center;\n  font-size: 2rem;\n  font-weight: 700;\n  margin: 0 auto 20px;\n}\n.tf-step-content h3 {\n  font-size: 1.3rem;\n  margin-bottom: 10px;\n  color: #2c3e50;\n}\n.tf-step-content p {\n  color: #7f8c8d;\n  font-size: 0.95rem;\n}\n.tf-bom-cta {\n  text-align: center;\n  margin-top: 50px;\n}\n.tf-bom-btn {\n  display: inline-flex;\n  align-items: center;\n  gap: 10px;\n  background: linear-gradient(135deg, #27ae60, #219653);\n  color: white;\n  padding: 15px 30px;\n  border: none;\n  border-radius: 50px;\n  font-size: 1.1rem;\n  font-weight: 600;\n  cursor: pointer;\n  box-shadow: 0 10px 20px rgba(39,174,96,0.2);\n  transition: all 0.3s;\n  text-decoration: none;\n}\n.tf-bom-btn:hover {\n  transform: translateY(-3px);\n  box-shadow: 0 15px 30px rgba(39,174,96,0.3);\n}\n.tf-bom-note {\n  margin-top: 15px;\n  font-size: 0.9rem;\n  color: #7f8c8d;\n}\n\/* Quality Assurance *\/\n.tf-quality-section {\n  display: flex;\n  align-items: center;\n  gap: 50px;\n  margin: 80px 0;\n}\n.tf-quality-visual {\n  flex: 1;\n}\n.tf-quality-visual img {\n  width: 100%;\n  border-radius: 10px;\n  box-shadow: 0 20px 40px rgba(0,0,0,0.1);\n}\n.tf-quality-content {\n  flex: 1;\n}\n.tf-quality-content h2 {\n  font-size: 2rem;\n  color: #2c3e50;\n  margin-bottom: 30px;\n}\n.tf-quality-features {\n  display: grid;\n  gap: 25px;\n}\n.tf-feature-item {\n  display: flex;\n  gap: 15px;\n}\n.tf-feature-icon {\n  width: 50px;\n  height: 50px;\n  background: linear-gradient(135deg, rgba(39,174,96,0.1), rgba(111,207,151,0.1));\n  border-radius: 12px;\n  display: flex;\n  align-items: center;\n  justify-content: center;\n  color: #27ae60;\n  font-size: 1.3rem;\n  flex-shrink: 0;\n}\n.tf-feature-text h4 {\n  font-size: 1.2rem;\n  color: #2c3e50;\n  margin-bottom: 5px;\n}\n.tf-feature-text p {\n  color: #7f8c8d;\n  font-size: 0.95rem;\n}\n\/* Price Cards *\/\n.tf-pricing-cards {\n  display: grid;\n  grid-template-columns: repeat(auto-fit, minmax(300px, 1fr));\n  gap: 30px;\n  margin: 60px 0;\n}\n.tf-price-card {\n  background: white;\n  border-radius: 15px;\n  padding: 30px;\n  box-shadow: 0 10px 30px rgba(0,0,0,0.05);\n  transition: all 0.3s;\n}\n.tf-price-card.highlighted {\n  transform: translateY(-10px);\n  border: 2px solid #27ae60;\n}\n.tf-price-header {\n  display: flex;\n  justify-content: space-between;\n  align-items: center;\n  margin-bottom: 20px;\n  padding-bottom: 20px;\n  border-bottom: 1px solid #eee;\n}\n.tf-price-header h3 {\n  font-size: 1.5rem;\n  color: #2c3e50;\n}\n.tf-price-badge {\n  background: rgba(39,174,96,0.1);\n  color: #27ae60;\n  padding: 5px 10px;\n  border-radius: 20px;\n  font-size: 0.8rem;\n  font-weight: 600;\n}\n.tf-price-card.highlighted .tf-price-badge {\n  background: #27ae60;\n  color: white;\n}\n.tf-price-features {\n  display: grid;\n  gap: 15px;\n}\n.tf-price-features p {\n  display: flex;\n  align-items: center;\n  gap: 10px;\n  color: #5a6a7a;\n}\n.tf-price-features i {\n  color: #27ae60;\n}\n\/* Final CTA *\/\n.tf-final-cta {\n  text-align: center;\n  background: linear-gradient(135deg, #f8f9fa, #f1f8f4);\n  border-radius: 15px;\n  padding: 60px;\n  margin: 80px 0;\n}\n.tf-final-cta h2 {\n  font-size: 2rem;\n  color: #2c3e50;\n  margin-bottom: 30px;\n}\n.tf-cta-buttons {\n  display: flex;\n  justify-content: center;\n  gap: 20px;\n}\n.tf-cta-btn {\n  display: inline-flex;\n  align-items: center;\n  gap: 10px;\n  padding: 15px 30px;\n  border-radius: 50px;\n  font-size: 1.1rem;\n  font-weight: 600;\n  cursor: pointer;\n  transition: all 0.3s;\n  text-decoration: none;\n}\n.tf-cta-btn.primary {\n  background: linear-gradient(135deg, #27ae60, #219653);\n  color: white;\n  box-shadow: 0 10px 20px rgba(39,174,96,0.2);\n}\n.tf-cta-btn.secondary {\n  border: 2px solid #27ae60;\n  color: #27ae60;\n  background: white;\n}\n.tf-cta-btn:hover {\n  transform: translateY(-3px);\n  box-shadow: 0 15px 30px rgba(0,0,0,0.1);\n}\n\/* Responsive Design *\/\n@media (max-width: 900px) {\n  .tf-hero-section {\n    flex-direction: column;\n  }\n  .tf-process-flow {\n    flex-direction: column;\n    align-items: center;\n  }\n  .tf-process-step {\n    max-width: 100%;\n    margin-bottom: 40px;\n  }\n  .tf-process-step::after {\n    top: auto;\n    bottom: -20px;\n    left: 50%;\n    width: 2px;\n    height: 20px;\n    transform: translateX(-50%);\n  }\n  .tf-quality-section {\n    flex-direction: column;\n  }\n}\n@media (max-width: 600px) {\n  .tf-section-title {\n    font-size: 1.6rem;\n  }\n  .tf-hero-section h1 {\n    font-size: 2rem;\n  }\n  .tf-hero-stats {\n    flex-direction: column;\n    gap: 20px;\n  }\n  .tf-pricing-cards {\n    grid-template-columns: 1fr;\n  }\n  .tf-cta-buttons {\n    flex-direction: column;\n    gap: 15px;\n  }\n  .tf-final-cta {\n    padding: 40px 20px;\n  }\n}\n<\/style>\n<p><!-- Font Awesome Icons -->\n<link rel=\"stylesheet\" href=\"https:\/\/cdnjs.cloudflare.com\/ajax\/libs\/font-awesome\/5.15.4\/css\/all.min.css\">\n<!-- Google Fonts -->\n<link href=\"https:\/\/fonts.googleapis.com\/css2?family=Montserrat:wght@400;500;600;700&#038;display=swap\" rel=\"stylesheet\">\n  <!-- Hero Section --><br \/>\n      Topfast Premium<\/p>\n<h1>Solutions de composants pour circuits imprim\u00e9s \u00e0 haute fiabilit\u00e9<\/h1>\n<p>Approvisionnement unique en composants, des prototypes \u00e0 la production de masse<\/p>\n<p>          15,000+<br \/>\n          Mod\u00e8les en stock<br \/>\n          48h<br \/>\n          Livraison rapide<br \/>\n          99.7%<br \/>\n          Garantie authentique<br \/>\n    <img decoding=\"async\" src=\"https:\/\/topfastpcba.com\/wp-content\/uploads\/2025\/07\/4\u670817\u65e51-\u5c01\u9762.jpg\" alt=\"Composants du circuit imprim\u00e9\" \/><br \/>\n  <!-- Core Advantages --><\/p>\n<h2>Pourquoi choisir Topfast Components ?<\/h2>\n<h3>Approvisionnement stable<\/h3>\n<p>        Canaux d'approvisionnement directs avec plus de 50 marques comme Murata et TDK pour \u00e9viter les risques de p\u00e9nurie<br \/>\n        Distributeur agr\u00e9\u00e9<\/p>\n<h3>Optimisation des co\u00fbts<\/h3>\n<p>        Remises sur volume + solutions alternatives recommand\u00e9es, r\u00e9duisant les co\u00fbts de nomenclature de 15 \u00e0 30 % en moyenne<br \/>\n        Promesse de prix<\/p>\n<h3>Assurance qualit\u00e9<\/h3>\n<p>        Three-level inspection process (appearance \u2192 electrical \u2192 reliability) with complete COC\/COO documents<br \/>\n        Syst\u00e8me AQM<br \/>\n  <!-- BOM Service Process --><\/p>\n<h2>Service de nomenclature intelligente<\/h2>\n<p>        1<\/p>\n<h3>T\u00e9l\u00e9charger la liste des nomenclatures<\/h3>\n<p>          Prise en charge de l'analyse automatique des formats Excel\/PDF\/Altium<br \/>\n        2<\/p>\n<h3>L'ad\u00e9quation intelligente<\/h3>\n<p>          Identifie automatiquement les mod\u00e8les alternatifs et les solutions rentables<br \/>\n        3<\/p>\n<h3>Plan de cotation<\/h3>\n<p>          Tarification \u00e9chelonn\u00e9e (prototype\/petit lot\/production de masse)<br \/>\n      <a href=\"https:\/\/topfastpcba.com\/fr\/contact\/\"><br \/>\n         T\u00e9l\u00e9charger la nomenclature maintenant<br \/>\n      <\/a><br \/>\n      Obtenir un devis complet dans les 24 heures<br \/>\n  <!-- Quality Assurance --><br \/>\n    <img decoding=\"async\" src=\"https:\/\/topfastpcba.com\/wp-content\/uploads\/2025\/07\/1bd7f32f60d2dedcecd518637cbb6e7-scaled.jpg\" alt=\"Inspection de la qualit\u00e9\" \/><\/p>\n<h2>Assurance qualit\u00e9 compl\u00e8te<\/h2>\n<h4>Inspection entrante<\/h4>\n<p>            Inspection compl\u00e8te des rayons X, de la soudabilit\u00e9 et des performances \u00e9lectriques<\/p>\n<h4>Certifications compl\u00e8tes<\/h4>\n<p>            Certifi\u00e9 RoHS\/REACH\/UL<\/p>\n<h4>Syst\u00e8me de tra\u00e7abilit\u00e9<\/h4>\n<p>            Tra\u00e7abilit\u00e9 compl\u00e8te du num\u00e9ro de lot<br \/>\n  <!-- Pricing Advantage --><\/p>\n<h2>Syst\u00e8me de tarification transparent<\/h2>\n<h3>Achat du prototype<\/h3>\n<p>          Devis le plus rapide en 4h<\/p>\n<p> MOQ : 1 pi\u00e8ce<\/p>\n<p> Pas de frais d'ing\u00e9nierie<\/p>\n<p> SF Express collect<\/p>\n<h3>Petits lots<\/h3>\n<p>          Meilleure valeur<\/p>\n<p> 50-1K pi\u00e8ces<\/p>\n<p> 10% de r\u00e9duction<\/p>\n<p> Livraison gratuite<\/p>\n<h3>Achat en volume<\/h3>\n<p>          Prix de l'accord annuel<\/p>\n<p> Quantit\u00e9 de 1K<\/p>\n<p> Gestionnaire de compte d\u00e9di\u00e9<\/p>\n<p> Gestion des stocks VMI<\/p>\n<p>  <!-- Final CTA --><\/p>\n<h2>Commencez votre parcours d'approvisionnement en composants<\/h2>\n<p>      <a href=\"https:\/\/topfastpcba.com\/fr\/contact\/\"><br \/>\n         Obtenir un devis<br \/>\n      <\/a><br \/>\n      <a href=\"https:\/\/topfastpcba.com\/fr\/contact\/\"><br \/>\n         Ing\u00e9nieur conseil<br \/>\n      <\/a><\/p>","protected":false},"excerpt":{"rendered":"<p>14-Day 4-Layer PCBA Our Pledge Faster &amp;#038 ; Professional Turnkey PCB Assembly Services Get Instant Quote Topfast Premium High-Reliability PCB Component Solutions One-stop component supply from prototypes to mass production 15,000+ In-stock Models 48h Fast Delivery 99.7% Genuine Guarantee Why Choose Topfast Components Stable Supply Direct supply channels with 50+ brands like Murata and TDK to [&amp;hellip ;]<\/p>","protected":false},"author":2,"featured_media":0,"parent":0,"menu_order":0,"comment_status":"closed","ping_status":"closed","template":"page\/pcb-component.php","meta":{"footnotes":""},"class_list":["post-7421","page","type-page","status-publish","hentry"],"yoast_head":"<!-- This site is optimized with the Yoast SEO plugin v24.6 - https:\/\/yoast.com\/wordpress\/plugins\/seo\/ -->\n<title>Electronic Component Supplier, Semiconductors\/Capacitors\/Resistors\/Connectors - Topfast<\/title>\n<meta name=\"description\" content=\"Topfast is a leading global supplier of electronic components, offering a full range of in-stock and custom procurement services for semiconductors (ICs, diodes, MOSFETs), passive components (capacitors, resistors, inductors), connectors, relays, and more.\" \/>\n<meta name=\"robots\" content=\"index, follow, max-snippet:-1, max-image-preview:large, max-video-preview:-1\" \/>\n<link rel=\"canonical\" href=\"https:\/\/topfastpcba.com\/fr\/electronic-components\/\" \/>\n<meta property=\"og:locale\" content=\"fr_FR\" \/>\n<meta property=\"og:type\" content=\"article\" \/>\n<meta property=\"og:title\" content=\"Electronic Component Supplier, Semiconductors\/Capacitors\/Resistors\/Connectors - Topfast\" \/>\n<meta property=\"og:description\" content=\"Topfast is a leading global supplier of electronic components, offering a full range of in-stock and custom procurement services for semiconductors (ICs, diodes, MOSFETs), passive components (capacitors, resistors, inductors), connectors, relays, and more.\" \/>\n<meta property=\"og:url\" content=\"https:\/\/topfastpcba.com\/fr\/electronic-components\/\" \/>\n<meta property=\"og:site_name\" content=\"Topfastpcba\" \/>\n<meta property=\"article:modified_time\" content=\"2026-01-21T02:56:36+00:00\" \/>\n<meta property=\"og:image\" content=\"https:\/\/topfastpcba.com\/wp-content\/uploads\/2025\/07\/1bd7f32f60d2dedcecd518637cbb6e7-scaled.jpg\" \/>\n<meta name=\"twitter:card\" content=\"summary_large_image\" \/>\n<meta name=\"twitter:label1\" content=\"Dur\u00e9e de lecture estim\u00e9e\" \/>\n\t<meta name=\"twitter:data1\" content=\"2 minutes\" \/>\n<script type=\"application\/ld+json\" class=\"yoast-schema-graph\">{\"@context\":\"https:\/\/schema.org\",\"@graph\":[{\"@type\":\"WebPage\",\"@id\":\"https:\/\/topfastpcba.com\/electronic-components\/\",\"url\":\"https:\/\/topfastpcba.com\/electronic-components\/\",\"name\":\"Electronic Component Supplier, Semiconductors\/Capacitors\/Resistors\/Connectors - Topfast\",\"isPartOf\":{\"@id\":\"https:\/\/topfastpcba.com\/#website\"},\"primaryImageOfPage\":{\"@id\":\"https:\/\/topfastpcba.com\/electronic-components\/#primaryimage\"},\"image\":{\"@id\":\"https:\/\/topfastpcba.com\/electronic-components\/#primaryimage\"},\"thumbnailUrl\":\"https:\/\/topfastpcba.com\/wp-content\/uploads\/2025\/07\/1bd7f32f60d2dedcecd518637cbb6e7-scaled.jpg\",\"datePublished\":\"2025-07-26T07:23:41+00:00\",\"dateModified\":\"2026-01-21T02:56:36+00:00\",\"description\":\"Topfast is a leading global supplier of electronic components, offering a full range of in-stock and custom procurement services for semiconductors (ICs, diodes, MOSFETs), passive components (capacitors, resistors, inductors), connectors, relays, and more.\",\"breadcrumb\":{\"@id\":\"https:\/\/topfastpcba.com\/electronic-components\/#breadcrumb\"},\"inLanguage\":\"fr-FR\",\"potentialAction\":[{\"@type\":\"ReadAction\",\"target\":[\"https:\/\/topfastpcba.com\/electronic-components\/\"]}]},{\"@type\":\"ImageObject\",\"inLanguage\":\"fr-FR\",\"@id\":\"https:\/\/topfastpcba.com\/electronic-components\/#primaryimage\",\"url\":\"https:\/\/topfastpcba.com\/wp-content\/uploads\/2025\/07\/1bd7f32f60d2dedcecd518637cbb6e7-scaled.jpg\",\"contentUrl\":\"https:\/\/topfastpcba.com\/wp-content\/uploads\/2025\/07\/1bd7f32f60d2dedcecd518637cbb6e7-scaled.jpg\"},{\"@type\":\"BreadcrumbList\",\"@id\":\"https:\/\/topfastpcba.com\/electronic-components\/#breadcrumb\",\"itemListElement\":[{\"@type\":\"ListItem\",\"position\":1,\"name\":\"Home\",\"item\":\"https:\/\/topfastpcba.com\/\"},{\"@type\":\"ListItem\",\"position\":2,\"name\":\"Electronic Components\"}]},{\"@type\":\"WebSite\",\"@id\":\"https:\/\/topfastpcba.com\/#website\",\"url\":\"https:\/\/topfastpcba.com\/\",\"name\":\"Topfastpcba\",\"description\":\"Topfast Prime Choice for Global Electronics Manufacturing\",\"potentialAction\":[{\"@type\":\"SearchAction\",\"target\":{\"@type\":\"EntryPoint\",\"urlTemplate\":\"https:\/\/topfastpcba.com\/?s={search_term_string}\"},\"query-input\":{\"@type\":\"PropertyValueSpecification\",\"valueRequired\":true,\"valueName\":\"search_term_string\"}}],\"inLanguage\":\"fr-FR\"}]}<\/script>\n<!-- \/ Yoast SEO plugin. -->","yoast_head_json":{"title":"Electronic Component Supplier, Semiconductors\/Capacitors\/Resistors\/Connectors - Topfast","description":"Topfast is a leading global supplier of electronic components, offering a full range of in-stock and custom procurement services for semiconductors (ICs, diodes, MOSFETs), passive components (capacitors, resistors, inductors), connectors, relays, and more.","robots":{"index":"index","follow":"follow","max-snippet":"max-snippet:-1","max-image-preview":"max-image-preview:large","max-video-preview":"max-video-preview:-1"},"canonical":"https:\/\/topfastpcba.com\/fr\/electronic-components\/","og_locale":"fr_FR","og_type":"article","og_title":"Electronic Component Supplier, Semiconductors\/Capacitors\/Resistors\/Connectors - Topfast","og_description":"Topfast is a leading global supplier of electronic components, offering a full range of in-stock and custom procurement services for semiconductors (ICs, diodes, MOSFETs), passive components (capacitors, resistors, inductors), connectors, relays, and more.","og_url":"https:\/\/topfastpcba.com\/fr\/electronic-components\/","og_site_name":"Topfastpcba","article_modified_time":"2026-01-21T02:56:36+00:00","og_image":[{"url":"https:\/\/topfastpcba.com\/wp-content\/uploads\/2025\/07\/1bd7f32f60d2dedcecd518637cbb6e7-scaled.jpg","type":"","width":"","height":""}],"twitter_card":"summary_large_image","twitter_misc":{"Dur\u00e9e de lecture estim\u00e9e":"2 minutes"},"schema":{"@context":"https:\/\/schema.org","@graph":[{"@type":"WebPage","@id":"https:\/\/topfastpcba.com\/electronic-components\/","url":"https:\/\/topfastpcba.com\/electronic-components\/","name":"Electronic Component Supplier, Semiconductors\/Capacitors\/Resistors\/Connectors - Topfast","isPartOf":{"@id":"https:\/\/topfastpcba.com\/#website"},"primaryImageOfPage":{"@id":"https:\/\/topfastpcba.com\/electronic-components\/#primaryimage"},"image":{"@id":"https:\/\/topfastpcba.com\/electronic-components\/#primaryimage"},"thumbnailUrl":"https:\/\/topfastpcba.com\/wp-content\/uploads\/2025\/07\/1bd7f32f60d2dedcecd518637cbb6e7-scaled.jpg","datePublished":"2025-07-26T07:23:41+00:00","dateModified":"2026-01-21T02:56:36+00:00","description":"Topfast is a leading global supplier of electronic components, offering a full range of in-stock and custom procurement services for semiconductors (ICs, diodes, MOSFETs), passive components (capacitors, resistors, inductors), connectors, relays, and more.","breadcrumb":{"@id":"https:\/\/topfastpcba.com\/electronic-components\/#breadcrumb"},"inLanguage":"fr-FR","potentialAction":[{"@type":"ReadAction","target":["https:\/\/topfastpcba.com\/electronic-components\/"]}]},{"@type":"ImageObject","inLanguage":"fr-FR","@id":"https:\/\/topfastpcba.com\/electronic-components\/#primaryimage","url":"https:\/\/topfastpcba.com\/wp-content\/uploads\/2025\/07\/1bd7f32f60d2dedcecd518637cbb6e7-scaled.jpg","contentUrl":"https:\/\/topfastpcba.com\/wp-content\/uploads\/2025\/07\/1bd7f32f60d2dedcecd518637cbb6e7-scaled.jpg"},{"@type":"BreadcrumbList","@id":"https:\/\/topfastpcba.com\/electronic-components\/#breadcrumb","itemListElement":[{"@type":"ListItem","position":1,"name":"Home","item":"https:\/\/topfastpcba.com\/"},{"@type":"ListItem","position":2,"name":"Electronic Components"}]},{"@type":"WebSite","@id":"https:\/\/topfastpcba.com\/#website","url":"https:\/\/topfastpcba.com\/","name":"Topfastpcba","description":"Topfast Prime Choice for Global Electronics Manufacturing","potentialAction":[{"@type":"SearchAction","target":{"@type":"EntryPoint","urlTemplate":"https:\/\/topfastpcba.com\/?s={search_term_string}"},"query-input":{"@type":"PropertyValueSpecification","valueRequired":true,"valueName":"search_term_string"}}],"inLanguage":"fr-FR"}]}},"_links":{"self":[{"href":"https:\/\/topfastpcba.com\/fr\/wp-json\/wp\/v2\/pages\/7421","targetHints":{"allow":["GET"]}}],"collection":[{"href":"https:\/\/topfastpcba.com\/fr\/wp-json\/wp\/v2\/pages"}],"about":[{"href":"https:\/\/topfastpcba.com\/fr\/wp-json\/wp\/v2\/types\/page"}],"author":[{"embeddable":true,"href":"https:\/\/topfastpcba.com\/fr\/wp-json\/wp\/v2\/users\/2"}],"replies":[{"embeddable":true,"href":"https:\/\/topfastpcba.com\/fr\/wp-json\/wp\/v2\/comments?post=7421"}],"version-history":[{"count":13,"href":"https:\/\/topfastpcba.com\/fr\/wp-json\/wp\/v2\/pages\/7421\/revisions"}],"predecessor-version":[{"id":7893,"href":"https:\/\/topfastpcba.com\/fr\/wp-json\/wp\/v2\/pages\/7421\/revisions\/7893"}],"wp:attachment":[{"href":"https:\/\/topfastpcba.com\/fr\/wp-json\/wp\/v2\/media?parent=7421"}],"curies":[{"name":"wp","href":"https:\/\/api.w.org\/{rel}","templated":true}]}}