{"id":744,"date":"2023-07-10T13:19:37","date_gmt":"2023-07-10T05:19:37","guid":{"rendered":"https:\/\/topfastpcba.com\/?page_id=744"},"modified":"2024-01-26T18:04:14","modified_gmt":"2024-01-26T10:04:14","slug":"privacy-policy","status":"publish","type":"page","link":"https:\/\/topfastpcba.com\/es\/privacy-policy\/","title":{"rendered":"Pol\u00edtica de privacidad"},"content":{"rendered":"<p>This privacy notice for Topfast Technology Ltd. (doing business as \u201cTopfast PCB\u201d &#8220;Topfast &#8221; &#8220;we &#8221; &#8220;us&#8221; or &#8220;our&#8221;, describes how and why we might collect, store, use, and\/or share (&#8220;process&#8221;) your information when you use our services (&#8220;Services&#8221;), such as when you:<\/p>\n\n\n\n<p>Visite nuestro sitio web en <a href=\"https:\/\/topfastpcba.com\/es\/\">https:\/\/topfastpcba.com<\/a> o cualquier sitio web nuestro que enlace con este aviso de privacidad<\/p>\n\n\n\n<p>Participar con nosotros en otras actividades relacionadas, como ventas, marketing o eventos.<\/p>\n\n\n\n<h2 class=\"wp-block-heading\">\u00bfPreguntas o dudas?<\/h2>\n\n\n\n<p>Reading this privacy notice will help you understand your privacy rights and choices. If you do not agree with our policies and practices, please do not use our Services. lf you still have any questions or concerns, please contact us at: operations@topfastpcb.com<\/p>\n\n\n\n<p>Esta pol\u00edtica de privacidad se aplica a la recogida, uso y divulgaci\u00f3n de informaci\u00f3n personal recogida por TopFast PCB a trav\u00e9s de nuestra p\u00e1gina web https:\/\/topfastpcba.com.<\/p>\n\n\n\n<h2 class=\"wp-block-heading\">Recogida de informaci\u00f3n personal:<\/h2>\n\n\n\n<p>Recopilamos informaci\u00f3n personal como su nombre, direcci\u00f3n de correo electr\u00f3nico, nombre de la empresa y su mensaje de solicitud.<\/p>\n\n\n\n<p>\u00bfC\u00f3mo procesamos su informaci\u00f3n? Procesamos su informaci\u00f3n para prestar, mejorar y administrar nuestros servicios, comunicarnos con usted, por motivos de seguridad y prevenci\u00f3n del fraude, y para cumplir la ley. S\u00f3lo procesamos su informaci\u00f3n cuando tenemos una raz\u00f3n legal v\u00e1lida para hacerlo.<\/p>\n\n\n\n<h2 class=\"wp-block-heading\">Uso de la informaci\u00f3n personal:<\/h2>\n\n\n\n<p>Utilizamos sus datos personales para responder a sus consultas, facilitarle informaci\u00f3n sobre nuestros productos y servicios y mejorar nuestro sitio web y nuestro servicio de atenci\u00f3n al cliente. Tambi\u00e9n podemos utilizar su informaci\u00f3n personal para enviarle comunicaciones de marketing que creemos que pueden ser de su inter\u00e9s.<\/p>\n\n\n\n<h2 class=\"wp-block-heading\">Divulgaci\u00f3n de informaci\u00f3n personal:<\/h2>\n\n\n\n<p>Utilizamos sus datos personales para responder a sus preguntas y proporcionarle la informaci\u00f3n y los servicios que solicita. Tambi\u00e9n podemos utilizar su informaci\u00f3n personal para enviarle comunicaciones de marketing, como boletines y correos electr\u00f3nicos promocionales, si ha optado por recibirlos.<\/p>\n\n\n\n<h2 class=\"wp-block-heading\">Uso de cookies:<\/h2>\n\n\n\n<p>Nuestro sitio web utiliza cookies para mejorar la experiencia del usuario y hacer un seguimiento del uso del sitio web. No utilizamos cookies para recopilar informaci\u00f3n personal.<\/p>\n\n\n\n<h2 class=\"wp-block-heading\">Seguridad de los datos:<\/h2>\n\n\n\n<p>En resumen: nuestro objetivo es proteger su informaci\u00f3n personal mediante un sistema de medidas de seguridad organizativas y t\u00e9cnicas.<\/p>\n\n\n\n<p>Hemos implementado medidas de seguridad t\u00e9cnicas y organizativas adecuadas y razonables dise\u00f1adas para proteger la seguridad de cualquier informaci\u00f3n personal que procesemos, incluidos, entre otros, su nombre, informaci\u00f3n de la empresa, direcci\u00f3n de correo electr\u00f3nico, tel\u00e9fono, etc. Sin embargo, a pesar de nuestras medidas y esfuerzos para proteger su informaci\u00f3n, ninguna transmisi\u00f3n electr\u00f3nica a trav\u00e9s de Internet o tecnolog\u00eda de almacenamiento de informaci\u00f3n puede garantizar que sea 100% segura, por lo que no podemos prometer o garantizar que los hackers, ciberdelincuentes u otras terceras partes no autorizadas no sean capaces de derrotar nuestra seguridad y recopilar, acceder, robar o modificar indebidamente su informaci\u00f3n. Aunque haremos todo lo posible para proteger su informaci\u00f3n personal, la transmisi\u00f3n de la misma a y desde nuestros Servicios corre por su cuenta y riesgo. S\u00f3lo debe acceder a los Servicios en un entorno seguro.<\/p>\n\n\n\n<h2 class=\"wp-block-heading\">Sus derechos:<\/h2>\n\n\n\n<p>You have the right to access, correct, or delete your personal information that we have collected from you. You may also request that we restrict the processing of your personal information or object to our processing of your personal information. To exercise your rights, please contact us using the contact information: operations@topfastpcb.com<\/p>\n\n\n\n<h2 class=\"wp-block-heading\">P\u00f3ngase en contacto con nosotros:<\/h2>\n\n\n\n<p>En funci\u00f3n de la legislaci\u00f3n aplicable en su pa\u00eds, puede tener derecho a solicitar el acceso a la informaci\u00f3n personal que recopilamos sobre usted, a modificarla o a eliminarla. Para solicitar la revisi\u00f3n, actualizaci\u00f3n o eliminaci\u00f3n de su informaci\u00f3n personal, p\u00f3ngase en contacto con nosotros en: <a href=\"https:\/\/topfastpcba.com\/es\/contact\/\">https:\/\/topfastpcba.com\/contact<\/a> .<\/p>\n\n\n\n<h2 class=\"wp-block-heading\">Actualizaciones:<\/h2>\n\n\n\n<p>Podemos actualizar esta pol\u00edtica de privacidad de vez en cuando, la versi\u00f3n actualizada por una fecha actualizada y la versi\u00f3n actualizada ser\u00e1 efectiva tan pronto como sea accesible. Si hacemos cambios materiales a este aviso de privacidad, podemos notificarle ether publicando prominentemente un aviso de tales cambios o enviando directamente su notificaci\u00f3n. Le recomendamos que revise con frecuencia este aviso de privacidad para estar informado de c\u00f3mo protegemos su informaci\u00f3n. Si tiene alguna pregunta o comentario sobre este aviso, no dude en ponerse en contacto con nosotros:&nbsp;&nbsp;&nbsp;&nbsp;&nbsp; <a href=\"mailto:operations@topfastpcb.com\">operations@topfastpcb.com<\/a><\/p>","protected":false},"excerpt":{"rendered":"<p>This privacy notice for Topfast Technology Ltd. (doing business as \u201cTopfast PCB\u201d &#8220;Topfast &#8221; &#8220;we &#8221; &#8220;us&#8221; or &#8220;our&#8221;, describes how and why we might collect, store, use, and\/or share (&#8220;process&#8221;) your information when you use our services (&#8220;Services&#8221;), such as when you: Visit our website at https:\/\/topfastpcba.com , or any website of ours that [&hellip;]<\/p>","protected":false},"author":1,"featured_media":0,"parent":0,"menu_order":0,"comment_status":"closed","ping_status":"closed","template":"","meta":{"footnotes":""},"class_list":["post-744","page","type-page","status-publish","hentry"],"yoast_head":"<!-- This site is optimized with the Yoast SEO plugin v24.6 - https:\/\/yoast.com\/wordpress\/plugins\/seo\/ -->\n<title>Privacy Policy - TopFast PCBA | Respect for Your Data<\/title>\n<meta name=\"description\" content=\"Understand TopFast PCBA&#039;s commitment to your privacy. We clearly outline how we collect, use, protect and handle your personal information.\" \/>\n<meta name=\"robots\" content=\"index, follow, max-snippet:-1, max-image-preview:large, max-video-preview:-1\" \/>\n<link rel=\"canonical\" href=\"https:\/\/topfastpcba.com\/es\/privacy-policy\/\" \/>\n<meta property=\"og:locale\" content=\"es_ES\" \/>\n<meta property=\"og:type\" content=\"article\" \/>\n<meta property=\"og:title\" content=\"Privacy Policy - TopFast PCBA | Respect for Your Data\" \/>\n<meta property=\"og:description\" content=\"Understand TopFast PCBA&#039;s commitment to your privacy. We clearly outline how we collect, use, protect and handle your personal information.\" \/>\n<meta property=\"og:url\" content=\"https:\/\/topfastpcba.com\/es\/privacy-policy\/\" \/>\n<meta property=\"og:site_name\" content=\"Topfastpcba\" \/>\n<meta property=\"article:modified_time\" content=\"2024-01-26T10:04:14+00:00\" \/>\n<meta name=\"twitter:card\" content=\"summary_large_image\" \/>\n<meta name=\"twitter:label1\" content=\"Tiempo de lectura\" \/>\n\t<meta name=\"twitter:data1\" content=\"4 minutos\" \/>\n<script type=\"application\/ld+json\" class=\"yoast-schema-graph\">{\"@context\":\"https:\/\/schema.org\",\"@graph\":[{\"@type\":\"WebPage\",\"@id\":\"https:\/\/topfastpcba.com\/privacy-policy\/\",\"url\":\"https:\/\/topfastpcba.com\/privacy-policy\/\",\"name\":\"Privacy Policy - TopFast PCBA | Respect for Your Data\",\"isPartOf\":{\"@id\":\"https:\/\/topfastpcba.com\/#website\"},\"datePublished\":\"2023-07-10T05:19:37+00:00\",\"dateModified\":\"2024-01-26T10:04:14+00:00\",\"description\":\"Understand TopFast PCBA's commitment to your privacy. We clearly outline how we collect, use, protect and handle your personal information.\",\"breadcrumb\":{\"@id\":\"https:\/\/topfastpcba.com\/privacy-policy\/#breadcrumb\"},\"inLanguage\":\"es\",\"potentialAction\":[{\"@type\":\"ReadAction\",\"target\":[\"https:\/\/topfastpcba.com\/privacy-policy\/\"]}]},{\"@type\":\"BreadcrumbList\",\"@id\":\"https:\/\/topfastpcba.com\/privacy-policy\/#breadcrumb\",\"itemListElement\":[{\"@type\":\"ListItem\",\"position\":1,\"name\":\"Home\",\"item\":\"https:\/\/topfastpcba.com\/\"},{\"@type\":\"ListItem\",\"position\":2,\"name\":\"Privacy Policy\"}]},{\"@type\":\"WebSite\",\"@id\":\"https:\/\/topfastpcba.com\/#website\",\"url\":\"https:\/\/topfastpcba.com\/\",\"name\":\"Topfastpcba\",\"description\":\"Topfast Prime Choice for Global Electronics Manufacturing\",\"potentialAction\":[{\"@type\":\"SearchAction\",\"target\":{\"@type\":\"EntryPoint\",\"urlTemplate\":\"https:\/\/topfastpcba.com\/?s={search_term_string}\"},\"query-input\":{\"@type\":\"PropertyValueSpecification\",\"valueRequired\":true,\"valueName\":\"search_term_string\"}}],\"inLanguage\":\"es\"}]}<\/script>\n<!-- \/ Yoast SEO plugin. -->","yoast_head_json":{"title":"Privacy Policy - TopFast PCBA | Respect for Your Data","description":"Understand TopFast PCBA's commitment to your privacy. We clearly outline how we collect, use, protect and handle your personal information.","robots":{"index":"index","follow":"follow","max-snippet":"max-snippet:-1","max-image-preview":"max-image-preview:large","max-video-preview":"max-video-preview:-1"},"canonical":"https:\/\/topfastpcba.com\/es\/privacy-policy\/","og_locale":"es_ES","og_type":"article","og_title":"Privacy Policy - TopFast PCBA | Respect for Your Data","og_description":"Understand TopFast PCBA's commitment to your privacy. We clearly outline how we collect, use, protect and handle your personal information.","og_url":"https:\/\/topfastpcba.com\/es\/privacy-policy\/","og_site_name":"Topfastpcba","article_modified_time":"2024-01-26T10:04:14+00:00","twitter_card":"summary_large_image","twitter_misc":{"Tiempo de lectura":"4 minutos"},"schema":{"@context":"https:\/\/schema.org","@graph":[{"@type":"WebPage","@id":"https:\/\/topfastpcba.com\/privacy-policy\/","url":"https:\/\/topfastpcba.com\/privacy-policy\/","name":"Privacy Policy - TopFast PCBA | Respect for Your Data","isPartOf":{"@id":"https:\/\/topfastpcba.com\/#website"},"datePublished":"2023-07-10T05:19:37+00:00","dateModified":"2024-01-26T10:04:14+00:00","description":"Understand TopFast PCBA's commitment to your privacy. We clearly outline how we collect, use, protect and handle your personal information.","breadcrumb":{"@id":"https:\/\/topfastpcba.com\/privacy-policy\/#breadcrumb"},"inLanguage":"es","potentialAction":[{"@type":"ReadAction","target":["https:\/\/topfastpcba.com\/privacy-policy\/"]}]},{"@type":"BreadcrumbList","@id":"https:\/\/topfastpcba.com\/privacy-policy\/#breadcrumb","itemListElement":[{"@type":"ListItem","position":1,"name":"Home","item":"https:\/\/topfastpcba.com\/"},{"@type":"ListItem","position":2,"name":"Privacy Policy"}]},{"@type":"WebSite","@id":"https:\/\/topfastpcba.com\/#website","url":"https:\/\/topfastpcba.com\/","name":"Topfastpcba","description":"Topfast Prime Choice for Global Electronics Manufacturing","potentialAction":[{"@type":"SearchAction","target":{"@type":"EntryPoint","urlTemplate":"https:\/\/topfastpcba.com\/?s={search_term_string}"},"query-input":{"@type":"PropertyValueSpecification","valueRequired":true,"valueName":"search_term_string"}}],"inLanguage":"es"}]}},"_links":{"self":[{"href":"https:\/\/topfastpcba.com\/es\/wp-json\/wp\/v2\/pages\/744","targetHints":{"allow":["GET"]}}],"collection":[{"href":"https:\/\/topfastpcba.com\/es\/wp-json\/wp\/v2\/pages"}],"about":[{"href":"https:\/\/topfastpcba.com\/es\/wp-json\/wp\/v2\/types\/page"}],"author":[{"embeddable":true,"href":"https:\/\/topfastpcba.com\/es\/wp-json\/wp\/v2\/users\/1"}],"replies":[{"embeddable":true,"href":"https:\/\/topfastpcba.com\/es\/wp-json\/wp\/v2\/comments?post=744"}],"version-history":[{"count":1,"href":"https:\/\/topfastpcba.com\/es\/wp-json\/wp\/v2\/pages\/744\/revisions"}],"predecessor-version":[{"id":745,"href":"https:\/\/topfastpcba.com\/es\/wp-json\/wp\/v2\/pages\/744\/revisions\/745"}],"wp:attachment":[{"href":"https:\/\/topfastpcba.com\/es\/wp-json\/wp\/v2\/media?parent=744"}],"curies":[{"name":"wp","href":"https:\/\/api.w.org\/{rel}","templated":true}]}}