{"id":7432,"date":"2025-07-26T17:56:32","date_gmt":"2025-07-26T09:56:32","guid":{"rendered":"https:\/\/topfastpcba.com\/?page_id=7432"},"modified":"2026-01-21T09:58:56","modified_gmt":"2026-01-21T01:58:56","slug":"wire-harness","status":"publish","type":"page","link":"https:\/\/topfastpcba.com\/es\/wire-harness\/","title":{"rendered":"Mazo de cables"},"content":{"rendered":"<h2>\n                    PCBA de 4 capas y 14 d\u00edas Nuestro compromiso<br \/>\n                <\/h2>\n<p>M\u00e1s r\u00e1pido &#038; Servicios profesionales de montaje de PCB llave en mano<\/p>\n<p>                <a href=\"https:\/\/topfastpcba.com\/es\/contact\/\" rel=\"nofollow\">Presupuesto inmediato<\/a><\/p>\n<style>\n\/* \u5185\u9875Banner\u6837\u5f0f - tfp-innerpage \u524d\u7f00\u786e\u4fdd\u552f\u4e00\u6027 *\/\n.tfp-innerpage-banner {\n    position: relative;\n    width: 100%;\n    height: 400px;\n    overflow: hidden;\n}\n.tfp-innerpage-banner-bg {\n    position: absolute;\n    width: 100%;\n    height: 100%;\n    background-size: cover;\n    background-position: center;\n    background-repeat: no-repeat;\n}\n.tfp-innerpage-banner-overlay {\n    position: absolute;\n    width: 100%;\n    height: 100%;\n    z-index: 1;\n}\n.tfp-innerpage-banner-content {\n    position: relative;\n    z-index: 2;\n    height: 100%;\n    display: flex;\n    align-items: center;\n    max-width: 1200px;\n    margin: 0 auto;\n    padding: 0 40px;\n}\n.tfp-innerpage-banner-text {\n    max-width: 600px;\n}\n.tfp-innerpage-banner-title {\n    color: white;\n    font-size: 42px;\n    font-weight: 700;\n    line-height: 1.2;\n    margin-bottom: 15px;\n    white-space: nowrap; \/* PC\u7aef\u4e0d\u6362\u884c *\/\n}\n.tfp-green-text {\n    color: #4CAF50; \/* \u7eff\u8272\u6587\u5b57 *\/\n}\n.tfp-innerpage-banner-subtitle {\n    color: white;\n    font-size: 20px;\n    font-weight: 300;\n    margin-bottom: 30px;\n}\n.tfp-innerpage-banner-button {\n    display: inline-block;\n    background: #4CAF50;\n    color: white;\n    padding: 12px 30px;\n    font-size: 16px;\n    font-weight: 500;\n    text-decoration: none;\n    border-radius: 4px;\n    transition: all 0.3s;\n}\n.tfp-innerpage-banner-button:hover {\n    background: #3d8b40;\n    transform: translateY(-2px);\n    box-shadow: 0 4px 8px rgba(0,0,0,0.1);\n}\n\/* \u54cd\u5e94\u5f0f\u8c03\u6574 *\/\n@media (max-width: 992px) {\n    .tfp-innerpage-banner {\n        height: 350px;\n    }\n    .tfp-innerpage-banner-title {\n        font-size: 36px;\n        white-space: normal; \/* \u5e73\u677f\/\u624b\u673a\u5141\u8bb8\u6362\u884c *\/\n    }\n}\n@media (max-width: 768px) {\n    .tfp-innerpage-banner {\n        height: 300px;\n    }\n    .tfp-innerpage-banner-content {\n        padding: 0 20px;\n    }\n    .tfp-innerpage-banner-title {\n        font-size: 28px;\n    }\n    .tfp-innerpage-banner-subtitle {\n        font-size: 18px;\n    }\n    .tfp-innerpage-banner-button {\n        padding: 10px 25px;\n    }\n}\n<\/style>\n<p><!-- Hero Section --><br \/>\nCALIDAD PROFESIONAL<\/p>\n<h1>Soluciones de mazos de cables de precisi\u00f3n<\/h1>\n<p>Dise\u00f1ado para ofrecer fiabilidad en las aplicaciones m\u00e1s exigentes<\/p>\n<p>10,000+<br \/>\nConfiguraciones personalizadas<br \/>\n72h<br \/>\nCreaci\u00f3n r\u00e1pida de prototipos<br \/>\n100%<br \/>\nFiabilidad probada<br \/>\n<img decoding=\"async\" src=\"https:\/\/topfastpcba.com\/wp-content\/uploads\/2025\/07\/4\u670817\u65e51-\u5c01\u9762.jpg\" alt=\"Mazo de cables de precisi\u00f3n\" \/><br \/>\n<button><br \/>\n <a href=\"https:\/\/topfastpcba.com\/es\/contact\/\">Solicitar presupuesto<\/a><br \/>\n<\/button><br \/>\n<!-- Value Props --><\/p>\n<h2>Por qu\u00e9 elegir nuestras soluciones de mazos de cables<\/h2>\n<p>IPC<\/p>\n<h3>Excelencia certificada<\/h3>\n<p>Certificado IPC\/WHMA-A-620 Clase 3 con trazabilidad completa<\/p>\n<p>DFM<\/p>\n<h3>Ingenier\u00eda avanzada<\/h3>\n<p>Modelado 3D y an\u00e1lisis DFM para dise\u00f1os \u00f3ptimos<\/p>\n<p>Q\/T<\/p>\n<h3>Respuesta r\u00e1pida<\/h3>\n<p>Del prototipo a la producci\u00f3n en tan s\u00f3lo 72 horas<\/p>\n<p><!-- Product Features --><\/p>\n<h2>Caracter\u00edsticas del mazo de cables Premium<\/h2>\n<p>Dise\u00f1ado para cumplir las normas m\u00e1s exigentes del sector<\/p>\n<p><!-- Materials Feature --><\/p>\n<h3>Materiales superiores<\/h3>\n<ul>\n<li> Cable reconocido por UL (1007, 1015, 1569)<\/li>\n<li> High-temp insulation (up to 200\u00b0C)<\/li>\n<li> Contactos chapados en oro\/n\u00edquel<\/li>\n<li> Opciones de sobremoldeo personalizadas<\/li>\n<\/ul>\n<p><!-- Types Feature --><\/p>\n<h3>Selecci\u00f3n exhaustiva<\/h3>\n<p>Cables planos<br \/>\nPaquete redondo<br \/>\nConjuntos blindados<br \/>\nMoldeado a medida<br \/>\nPuentes FFC\/FPC<br \/>\nTrenzado<br \/>\n<!-- Specs Feature --><\/p>\n<h3><\/h3>\n<p>AWG 40-8<br \/>\nCalibre del cable<br \/>\n1-256<br \/>\nRecuento de circuitos<br \/>\n\u00b10.2mm<br \/>\nTolerancia de longitud<br \/>\n500 V CA<br \/>\nTensi\u00f3n soportada<br \/>\n<!-- Applications --><\/p>\n<h2>Aplicaciones industriales<\/h2>\n<p>Con la confianza de l\u00edderes de m\u00faltiples sectores<\/p>\n<h4>Automoci\u00f3n<\/h4>\n<p>Conexiones ECU, cableado de sensores, sistemas de infoentretenimiento<\/p>\n<h4>Industrial<\/h4>\n<p>Paneles de control, cableado de motores, conexiones PLC<\/p>\n<h4>M\u00e9dico<\/h4>\n<p>Equipos de diagn\u00f3stico, dispositivos de monitorizaci\u00f3n de pacientes<\/p>\n<h4>Telecomunicaciones<\/h4>\n<p>Cableado de estaciones base, instalaciones de bastidores de servidores<\/p>\n<p><!-- CTA --><\/p>\n<h2>\u00bfEst\u00e1 preparado para mejorar la calidad de sus mazos de cables?<\/h2>\n<p>P\u00f3ngase en contacto con nuestro equipo de ingenieros para obtener una soluci\u00f3n personalizada<\/p>\n<p><button><br \/>\n <a href='https:\/\/topfastpcba.com\/es\/contact\/'>Solicitar consulta<\/a><br \/>\n<\/button><br \/>\n<!-- Standalone FAQ Module --><\/p>\n<h2>FAQ<\/h2>\n<p>      <!-- Left Column --><\/p>\n<h3>\u00bfQu\u00e9 certificaciones tienen sus mazos de cables?<\/h3>\n<p>Nuestros mazos de cables cumplen las normas IPC\/WHMA-A-620 Clase 3 con total conformidad con las certificaciones UL, CSA y RoHS. Se proporciona documentaci\u00f3n completa con cada env\u00edo.<\/p>\n<h3>\u00bfCu\u00e1l es su plazo de producci\u00f3n?<\/h3>\n<p>La producci\u00f3n est\u00e1ndar tarda de 2 a 3 semanas. Los servicios urgentes permiten la entrega de prototipos en tan s\u00f3lo 72 horas. Los dise\u00f1os personalizados complejos pueden requerir m\u00e1s tiempo de ingenier\u00eda.<\/p>\n<h3>\u00bfCu\u00e1l es la cantidad m\u00ednima de pedido?<\/h3>\n<p>Sin MOQ para prototipos, m\u00e1s de 50 unidades para lotes peque\u00f1os, con descuentos por volumen a partir de 1.000 unidades. Ofrecemos todo tipo de servicios, desde la creaci\u00f3n de prototipos hasta la producci\u00f3n a gran escala.<\/p>\n<p>      <!-- Right Column --><\/p>\n<h3>\u00bfC\u00f3mo garantizan la calidad del producto?<\/h3>\n<p>Nuestro proceso de calidad en 5 etapas incluye 1) Inspecci\u00f3n de entrada 2) Pruebas durante el proceso 3) Inspecci\u00f3n \u00f3ptica automatizada 4) Pruebas de continuidad al 100% 5) Muestreo aleatorio final.<\/p>\n<h3>\u00bfQu\u00e9 opciones de personalizaci\u00f3n hay?<\/h3>\n<p>Personalizamos los tipos de cables, los conectores, la codificaci\u00f3n por colores, las longitudes de los arneses y el embalaje. Nuestros ingenieros proporcionan informaci\u00f3n DFM para optimizar su dise\u00f1o para la fabricaci\u00f3n.<\/p>\n<h3>\u00bfQu\u00e9 m\u00e9todos de env\u00edo ofrecen?<\/h3>\n<p>Proporcionamos embalajes seguros ESD y trabajamos con los principales transportistas (DHL, FedEx, UPS). Para pedidos grandes, se ofrecen env\u00edos con control clim\u00e1tico y multidestino.<\/p>","protected":false},"excerpt":{"rendered":"<p>PCBA de 4 capas en 14 d\u00edas Nuestro compromiso M\u00e1s r\u00e1pido &#038; Servicios profesionales de montaje de PCB llave en mano Obtenga un presupuesto instant\u00e1neo Soluciones de mazos de cables de precisi\u00f3n de CALIDAD PROFESIONAL Dise\u00f1adas para ofrecer fiabilidad en las aplicaciones m\u00e1s exigentes M\u00e1s de 10.000 configuraciones personalizadas Creaci\u00f3n r\u00e1pida de prototipos en 72 h Fiabilidad probada al 100% Solicitar presupuesto Por qu\u00e9 elegir nuestras soluciones de mazos de cables Excelencia certificada IPC Certificado IPC\/WHMA-A-620 Clase 3 con [&hellip;]<\/p>","protected":false},"author":2,"featured_media":0,"parent":0,"menu_order":0,"comment_status":"closed","ping_status":"closed","template":"page\/wire-harness.php","meta":{"footnotes":""},"class_list":["post-7432","page","type-page","status-publish","hentry"],"yoast_head":"<!-- This site is optimized with the Yoast SEO plugin v24.6 - https:\/\/yoast.com\/wordpress\/plugins\/seo\/ -->\n<title>Professional Wire Harness Customization, High-Quality Wire Harness Manufacturer - Topfast<\/title>\n<meta name=\"description\" content=\"Topfast provides professional wire harness design, manufacturing, and assembly services, covering automotive wire harnesses, industrial equipment wire harnesses, medical electronic wire harnesses, and more. We use UL\/CE-certified wire materials and support customized terminals, waterproofing, shielding, and other processes.\" \/>\n<meta name=\"robots\" content=\"index, follow, max-snippet:-1, max-image-preview:large, max-video-preview:-1\" \/>\n<link rel=\"canonical\" href=\"https:\/\/topfastpcba.com\/es\/wire-harness\/\" \/>\n<meta property=\"og:locale\" content=\"es_ES\" \/>\n<meta property=\"og:type\" content=\"article\" \/>\n<meta property=\"og:title\" content=\"Professional Wire Harness Customization, High-Quality Wire Harness Manufacturer - Topfast\" \/>\n<meta property=\"og:description\" content=\"Topfast provides professional wire harness design, manufacturing, and assembly services, covering automotive wire harnesses, industrial equipment wire harnesses, medical electronic wire harnesses, and more. We use UL\/CE-certified wire materials and support customized terminals, waterproofing, shielding, and other processes.\" \/>\n<meta property=\"og:url\" content=\"https:\/\/topfastpcba.com\/es\/wire-harness\/\" \/>\n<meta property=\"og:site_name\" content=\"Topfastpcba\" \/>\n<meta property=\"article:modified_time\" content=\"2026-01-21T01:58:56+00:00\" \/>\n<meta name=\"twitter:card\" content=\"summary_large_image\" \/>\n<meta name=\"twitter:label1\" content=\"Tiempo de lectura\" \/>\n\t<meta name=\"twitter:data1\" content=\"2 minutos\" \/>\n<script type=\"application\/ld+json\" class=\"yoast-schema-graph\">{\"@context\":\"https:\/\/schema.org\",\"@graph\":[{\"@type\":\"WebPage\",\"@id\":\"https:\/\/topfastpcba.com\/wire-harness\/\",\"url\":\"https:\/\/topfastpcba.com\/wire-harness\/\",\"name\":\"Professional Wire Harness Customization, High-Quality Wire Harness Manufacturer - Topfast\",\"isPartOf\":{\"@id\":\"https:\/\/topfastpcba.com\/#website\"},\"datePublished\":\"2025-07-26T09:56:32+00:00\",\"dateModified\":\"2026-01-21T01:58:56+00:00\",\"description\":\"Topfast provides professional wire harness design, manufacturing, and assembly services, covering automotive wire harnesses, industrial equipment wire harnesses, medical electronic wire harnesses, and more. We use UL\/CE-certified wire materials and support customized terminals, waterproofing, shielding, and other processes.\",\"breadcrumb\":{\"@id\":\"https:\/\/topfastpcba.com\/wire-harness\/#breadcrumb\"},\"inLanguage\":\"es\",\"potentialAction\":[{\"@type\":\"ReadAction\",\"target\":[\"https:\/\/topfastpcba.com\/wire-harness\/\"]}]},{\"@type\":\"BreadcrumbList\",\"@id\":\"https:\/\/topfastpcba.com\/wire-harness\/#breadcrumb\",\"itemListElement\":[{\"@type\":\"ListItem\",\"position\":1,\"name\":\"Home\",\"item\":\"https:\/\/topfastpcba.com\/\"},{\"@type\":\"ListItem\",\"position\":2,\"name\":\"Wire Harness\"}]},{\"@type\":\"WebSite\",\"@id\":\"https:\/\/topfastpcba.com\/#website\",\"url\":\"https:\/\/topfastpcba.com\/\",\"name\":\"Topfastpcba\",\"description\":\"Topfast Prime Choice for Global Electronics Manufacturing\",\"potentialAction\":[{\"@type\":\"SearchAction\",\"target\":{\"@type\":\"EntryPoint\",\"urlTemplate\":\"https:\/\/topfastpcba.com\/?s={search_term_string}\"},\"query-input\":{\"@type\":\"PropertyValueSpecification\",\"valueRequired\":true,\"valueName\":\"search_term_string\"}}],\"inLanguage\":\"es\"}]}<\/script>\n<!-- \/ Yoast SEO plugin. -->","yoast_head_json":{"title":"Professional Wire Harness Customization, High-Quality Wire Harness Manufacturer - Topfast","description":"Topfast provides professional wire harness design, manufacturing, and assembly services, covering automotive wire harnesses, industrial equipment wire harnesses, medical electronic wire harnesses, and more. We use UL\/CE-certified wire materials and support customized terminals, waterproofing, shielding, and other processes.","robots":{"index":"index","follow":"follow","max-snippet":"max-snippet:-1","max-image-preview":"max-image-preview:large","max-video-preview":"max-video-preview:-1"},"canonical":"https:\/\/topfastpcba.com\/es\/wire-harness\/","og_locale":"es_ES","og_type":"article","og_title":"Professional Wire Harness Customization, High-Quality Wire Harness Manufacturer - Topfast","og_description":"Topfast provides professional wire harness design, manufacturing, and assembly services, covering automotive wire harnesses, industrial equipment wire harnesses, medical electronic wire harnesses, and more. We use UL\/CE-certified wire materials and support customized terminals, waterproofing, shielding, and other processes.","og_url":"https:\/\/topfastpcba.com\/es\/wire-harness\/","og_site_name":"Topfastpcba","article_modified_time":"2026-01-21T01:58:56+00:00","twitter_card":"summary_large_image","twitter_misc":{"Tiempo de lectura":"2 minutos"},"schema":{"@context":"https:\/\/schema.org","@graph":[{"@type":"WebPage","@id":"https:\/\/topfastpcba.com\/wire-harness\/","url":"https:\/\/topfastpcba.com\/wire-harness\/","name":"Professional Wire Harness Customization, High-Quality Wire Harness Manufacturer - Topfast","isPartOf":{"@id":"https:\/\/topfastpcba.com\/#website"},"datePublished":"2025-07-26T09:56:32+00:00","dateModified":"2026-01-21T01:58:56+00:00","description":"Topfast provides professional wire harness design, manufacturing, and assembly services, covering automotive wire harnesses, industrial equipment wire harnesses, medical electronic wire harnesses, and more. We use UL\/CE-certified wire materials and support customized terminals, waterproofing, shielding, and other processes.","breadcrumb":{"@id":"https:\/\/topfastpcba.com\/wire-harness\/#breadcrumb"},"inLanguage":"es","potentialAction":[{"@type":"ReadAction","target":["https:\/\/topfastpcba.com\/wire-harness\/"]}]},{"@type":"BreadcrumbList","@id":"https:\/\/topfastpcba.com\/wire-harness\/#breadcrumb","itemListElement":[{"@type":"ListItem","position":1,"name":"Home","item":"https:\/\/topfastpcba.com\/"},{"@type":"ListItem","position":2,"name":"Wire Harness"}]},{"@type":"WebSite","@id":"https:\/\/topfastpcba.com\/#website","url":"https:\/\/topfastpcba.com\/","name":"Topfastpcba","description":"Topfast Prime Choice for Global Electronics Manufacturing","potentialAction":[{"@type":"SearchAction","target":{"@type":"EntryPoint","urlTemplate":"https:\/\/topfastpcba.com\/?s={search_term_string}"},"query-input":{"@type":"PropertyValueSpecification","valueRequired":true,"valueName":"search_term_string"}}],"inLanguage":"es"}]}},"_links":{"self":[{"href":"https:\/\/topfastpcba.com\/es\/wp-json\/wp\/v2\/pages\/7432","targetHints":{"allow":["GET"]}}],"collection":[{"href":"https:\/\/topfastpcba.com\/es\/wp-json\/wp\/v2\/pages"}],"about":[{"href":"https:\/\/topfastpcba.com\/es\/wp-json\/wp\/v2\/types\/page"}],"author":[{"embeddable":true,"href":"https:\/\/topfastpcba.com\/es\/wp-json\/wp\/v2\/users\/2"}],"replies":[{"embeddable":true,"href":"https:\/\/topfastpcba.com\/es\/wp-json\/wp\/v2\/comments?post=7432"}],"version-history":[{"count":22,"href":"https:\/\/topfastpcba.com\/es\/wp-json\/wp\/v2\/pages\/7432\/revisions"}],"predecessor-version":[{"id":7890,"href":"https:\/\/topfastpcba.com\/es\/wp-json\/wp\/v2\/pages\/7432\/revisions\/7890"}],"wp:attachment":[{"href":"https:\/\/topfastpcba.com\/es\/wp-json\/wp\/v2\/media?parent=7432"}],"curies":[{"name":"wp","href":"https:\/\/api.w.org\/{rel}","templated":true}]}}