{"id":744,"date":"2023-07-10T13:19:37","date_gmt":"2023-07-10T05:19:37","guid":{"rendered":"https:\/\/topfastpcba.com\/?page_id=744"},"modified":"2024-01-26T18:04:14","modified_gmt":"2024-01-26T10:04:14","slug":"privacy-policy","status":"publish","type":"page","link":"https:\/\/topfastpcba.com\/de\/privacy-policy\/","title":{"rendered":"Datenschutzbestimmungen"},"content":{"rendered":"<p>This privacy notice for Topfast Technology Ltd. (doing business as \u201cTopfast PCB\u201d &#8220;Topfast &#8221; &#8220;we &#8221; &#8220;us&#8221; or &#8220;our&#8221;, describes how and why we might collect, store, use, and\/or share (&#8220;process&#8221;) your information when you use our services (&#8220;Services&#8221;), such as when you:<\/p>\n\n\n\n<p>Besuchen Sie unsere Website unter <a href=\"https:\/\/topfastpcba.com\/de\/\">https:\/\/topfastpcba.com<\/a> oder jede andere Website von uns, die einen Link zu dieser Datenschutzerkl\u00e4rung enth\u00e4lt<\/p>\n\n\n\n<p>mit uns auf andere Weise in Kontakt zu treten, einschlie\u00dflich Verkauf, Marketing oder Veranstaltungen<\/p>\n\n\n\n<h2 class=\"wp-block-heading\">Fragen oder Bedenken?<\/h2>\n\n\n\n<p>Reading this privacy notice will help you understand your privacy rights and choices. If you do not agree with our policies and practices, please do not use our Services. lf you still have any questions or concerns, please contact us at: operations@topfastpcb.com<\/p>\n\n\n\n<p>Diese Datenschutzpolitik bezieht sich auf die Sammlung, Verwendung und Weitergabe von pers\u00f6nlichen Informationen, die von TopFast PCB durch unsere Website https:\/\/topfastpcba.com gesammelt werden.<\/p>\n\n\n\n<h2 class=\"wp-block-heading\">Sammlung von pers\u00f6nlichen Informationen:<\/h2>\n\n\n\n<p>Wir erfassen pers\u00f6nliche Daten wie Ihren Namen, Ihre E-Mail-Adresse, den Namen Ihres Unternehmens und die Nachricht Ihrer Anfrage.<\/p>\n\n\n\n<p>Wie verarbeiten wir Ihre Daten? Wir verarbeiten Ihre Daten, um unsere Dienste bereitzustellen, zu verbessern und zu verwalten, um mit Ihnen zu kommunizieren, um Sicherheit und Betrug vorzubeugen und um gesetzliche Vorschriften einzuhalten. Wir verarbeiten Ihre Daten nur, wenn wir einen g\u00fcltigen rechtlichen Grund daf\u00fcr haben.<\/p>\n\n\n\n<h2 class=\"wp-block-heading\">Verwendung pers\u00f6nlicher Informationen:<\/h2>\n\n\n\n<p>Wir verwenden Ihre pers\u00f6nlichen Daten, um Ihre Anfragen zu beantworten, Ihnen Informationen \u00fcber unsere Produkte und Dienstleistungen zukommen zu lassen und um unsere Website und unseren Kundendienst zu verbessern. Wir k\u00f6nnen Ihre pers\u00f6nlichen Daten auch verwenden, um Ihnen Marketingmitteilungen zu senden, von denen wir glauben, dass sie f\u00fcr Sie von Interesse sein k\u00f6nnten.<\/p>\n\n\n\n<h2 class=\"wp-block-heading\">Offenlegung von pers\u00f6nlichen Informationen:<\/h2>\n\n\n\n<p>Wir verwenden die von Ihnen erfassten personenbezogenen Daten, um Ihre Anfragen zu beantworten und Ihnen die von Ihnen gew\u00fcnschten Informationen und Dienstleistungen zur Verf\u00fcgung zu stellen. Wir k\u00f6nnen Ihre personenbezogenen Daten auch verwenden, um Ihnen Marketingmitteilungen wie Newsletter und Werbe-E-Mails zu senden, wenn Sie sich f\u00fcr deren Erhalt entschieden haben.<\/p>\n\n\n\n<h2 class=\"wp-block-heading\">Verwendung von Cookies:<\/h2>\n\n\n\n<p>Unsere Website verwendet Cookies, um die Benutzerfreundlichkeit zu verbessern und die Nutzung der Website zu verfolgen. Wir verwenden keine Cookies, um pers\u00f6nliche Informationen zu sammeln.<\/p>\n\n\n\n<h2 class=\"wp-block-heading\">Datensicherheit:<\/h2>\n\n\n\n<p>Kurz gesagt: Wir sind bestrebt, Ihre pers\u00f6nlichen Daten durch ein System von organisatorischen und technischen Sicherheitsma\u00dfnahmen zu sch\u00fctzen.<\/p>\n\n\n\n<p>Wir haben angemessene und vern\u00fcnftige technische und organisatorische Sicherheitsma\u00dfnahmen ergriffen, um die Sicherheit der von uns verarbeiteten personenbezogenen Daten zu sch\u00fctzen, einschlie\u00dflich, aber nicht beschr\u00e4nkt auf Ihren Namen, Ihre Unternehmensdaten, Ihre E-Mail-Adresse und Telefonnummer usw. Trotz unserer Sicherheitsvorkehrungen und Bem\u00fchungen, Ihre Daten zu sch\u00fctzen, kann keine elektronische \u00dcbertragung \u00fcber das Internet oder Informationsspeicherungstechnologie als 100% sicher garantiert werden, so dass wir nicht versprechen oder garantieren k\u00f6nnen, dass Hacker, Cyberkriminelle oder andere unbefugte Dritte nicht in der Lage sein werden, unsere Sicherheit zu \u00fcberwinden und Ihre Daten unrechtm\u00e4\u00dfig zu sammeln, zu stehlen oder zu ver\u00e4ndern. Obwohl wir unser Bestes tun, um Ihre pers\u00f6nlichen Daten zu sch\u00fctzen, erfolgt die \u00dcbertragung Ihrer pers\u00f6nlichen Daten zu und von unseren Diensten auf Ihr eigenes Risiko. Sie sollten nur innerhalb einer sicheren Umgebung auf die Dienste zugreifen.<\/p>\n\n\n\n<h2 class=\"wp-block-heading\">Ihre Rechte:<\/h2>\n\n\n\n<p>You have the right to access, correct, or delete your personal information that we have collected from you. You may also request that we restrict the processing of your personal information or object to our processing of your personal information. To exercise your rights, please contact us using the contact information: operations@topfastpcb.com<\/p>\n\n\n\n<h2 class=\"wp-block-heading\">Kontaktieren Sie uns:<\/h2>\n\n\n\n<p>Je nach den in Ihrem Land geltenden Gesetzen haben Sie das Recht, Zugang zu den von uns gesammelten personenbezogenen Daten zu verlangen, diese Daten zu \u00e4ndern oder zu l\u00f6schen. Um die \u00dcberpr\u00fcfung, Aktualisierung oder L\u00f6schung Ihrer personenbezogenen Daten zu beantragen, kontaktieren Sie uns bitte unter: <a href=\"https:\/\/topfastpcba.com\/de\/contact\/\">https:\/\/topfastpcba.com\/contact<\/a> .<\/p>\n\n\n\n<h2 class=\"wp-block-heading\">Aktualisierungen:<\/h2>\n\n\n\n<p>Wir k\u00f6nnen diese Datenschutzrichtlinie von Zeit zu Zeit aktualisieren, die aktualisierte Version durch ein aktualisiertes &#8220;Revised Datum und die aktualisierte Version wird wirksam, sobald sie zug\u00e4nglich ist. Wenn wir wesentliche \u00c4nderungen an dieser Datenschutzerkl\u00e4rung vornehmen, k\u00f6nnen wir Sie entweder durch einen deutlich sichtbaren Hinweis auf diese \u00c4nderungen oder durch direkte Zusendung einer Benachrichtigung dar\u00fcber informieren. Wir empfehlen Ihnen, diesen Datenschutzhinweis regelm\u00e4\u00dfig zu lesen, um sich dar\u00fcber zu informieren, wie wir Ihre Daten sch\u00fctzen. Wenn Sie Fragen oder Anmerkungen zu dieser Mitteilung haben, k\u00f6nnen Sie sich gerne an uns wenden:&nbsp;&nbsp;&nbsp;&nbsp;&nbsp; <a href=\"mailto:operations@topfastpcb.com\">operations@topfastpcb.com<\/a><\/p>","protected":false},"excerpt":{"rendered":"<p>This privacy notice for Topfast Technology Ltd. (doing business as \u201cTopfast PCB\u201d &#8220;Topfast &#8221; &#8220;we &#8221; &#8220;us&#8221; or &#8220;our&#8221;, describes how and why we might collect, store, use, and\/or share (&#8220;process&#8221;) your information when you use our services (&#8220;Services&#8221;), such as when you: Visit our website at https:\/\/topfastpcba.com , or any website of ours that [&hellip;]<\/p>","protected":false},"author":1,"featured_media":0,"parent":0,"menu_order":0,"comment_status":"closed","ping_status":"closed","template":"","meta":{"footnotes":""},"class_list":["post-744","page","type-page","status-publish","hentry"],"yoast_head":"<!-- This site is optimized with the Yoast SEO plugin v24.6 - https:\/\/yoast.com\/wordpress\/plugins\/seo\/ -->\n<title>Privacy Policy - TopFast PCBA | Respect for Your Data<\/title>\n<meta name=\"description\" content=\"Understand TopFast PCBA&#039;s commitment to your privacy. We clearly outline how we collect, use, protect and handle your personal information.\" \/>\n<meta name=\"robots\" content=\"index, follow, max-snippet:-1, max-image-preview:large, max-video-preview:-1\" \/>\n<link rel=\"canonical\" href=\"https:\/\/topfastpcba.com\/de\/privacy-policy\/\" \/>\n<meta property=\"og:locale\" content=\"de_DE\" \/>\n<meta property=\"og:type\" content=\"article\" \/>\n<meta property=\"og:title\" content=\"Privacy Policy - TopFast PCBA | Respect for Your Data\" \/>\n<meta property=\"og:description\" content=\"Understand TopFast PCBA&#039;s commitment to your privacy. We clearly outline how we collect, use, protect and handle your personal information.\" \/>\n<meta property=\"og:url\" content=\"https:\/\/topfastpcba.com\/de\/privacy-policy\/\" \/>\n<meta property=\"og:site_name\" content=\"Topfastpcba\" \/>\n<meta property=\"article:modified_time\" content=\"2024-01-26T10:04:14+00:00\" \/>\n<meta name=\"twitter:card\" content=\"summary_large_image\" \/>\n<meta name=\"twitter:label1\" content=\"Gesch\u00e4tzte Lesezeit\" \/>\n\t<meta name=\"twitter:data1\" content=\"4\u00a0Minuten\" \/>\n<script type=\"application\/ld+json\" class=\"yoast-schema-graph\">{\"@context\":\"https:\/\/schema.org\",\"@graph\":[{\"@type\":\"WebPage\",\"@id\":\"https:\/\/topfastpcba.com\/privacy-policy\/\",\"url\":\"https:\/\/topfastpcba.com\/privacy-policy\/\",\"name\":\"Privacy Policy - TopFast PCBA | Respect for Your Data\",\"isPartOf\":{\"@id\":\"https:\/\/topfastpcba.com\/#website\"},\"datePublished\":\"2023-07-10T05:19:37+00:00\",\"dateModified\":\"2024-01-26T10:04:14+00:00\",\"description\":\"Understand TopFast PCBA's commitment to your privacy. We clearly outline how we collect, use, protect and handle your personal information.\",\"breadcrumb\":{\"@id\":\"https:\/\/topfastpcba.com\/privacy-policy\/#breadcrumb\"},\"inLanguage\":\"de\",\"potentialAction\":[{\"@type\":\"ReadAction\",\"target\":[\"https:\/\/topfastpcba.com\/privacy-policy\/\"]}]},{\"@type\":\"BreadcrumbList\",\"@id\":\"https:\/\/topfastpcba.com\/privacy-policy\/#breadcrumb\",\"itemListElement\":[{\"@type\":\"ListItem\",\"position\":1,\"name\":\"Home\",\"item\":\"https:\/\/topfastpcba.com\/\"},{\"@type\":\"ListItem\",\"position\":2,\"name\":\"Privacy Policy\"}]},{\"@type\":\"WebSite\",\"@id\":\"https:\/\/topfastpcba.com\/#website\",\"url\":\"https:\/\/topfastpcba.com\/\",\"name\":\"Topfastpcba\",\"description\":\"Topfast Prime Choice for Global Electronics Manufacturing\",\"potentialAction\":[{\"@type\":\"SearchAction\",\"target\":{\"@type\":\"EntryPoint\",\"urlTemplate\":\"https:\/\/topfastpcba.com\/?s={search_term_string}\"},\"query-input\":{\"@type\":\"PropertyValueSpecification\",\"valueRequired\":true,\"valueName\":\"search_term_string\"}}],\"inLanguage\":\"de\"}]}<\/script>\n<!-- \/ Yoast SEO plugin. -->","yoast_head_json":{"title":"Privacy Policy - TopFast PCBA | Respect for Your Data","description":"Understand TopFast PCBA's commitment to your privacy. We clearly outline how we collect, use, protect and handle your personal information.","robots":{"index":"index","follow":"follow","max-snippet":"max-snippet:-1","max-image-preview":"max-image-preview:large","max-video-preview":"max-video-preview:-1"},"canonical":"https:\/\/topfastpcba.com\/de\/privacy-policy\/","og_locale":"de_DE","og_type":"article","og_title":"Privacy Policy - TopFast PCBA | Respect for Your Data","og_description":"Understand TopFast PCBA's commitment to your privacy. We clearly outline how we collect, use, protect and handle your personal information.","og_url":"https:\/\/topfastpcba.com\/de\/privacy-policy\/","og_site_name":"Topfastpcba","article_modified_time":"2024-01-26T10:04:14+00:00","twitter_card":"summary_large_image","twitter_misc":{"Gesch\u00e4tzte Lesezeit":"4\u00a0Minuten"},"schema":{"@context":"https:\/\/schema.org","@graph":[{"@type":"WebPage","@id":"https:\/\/topfastpcba.com\/privacy-policy\/","url":"https:\/\/topfastpcba.com\/privacy-policy\/","name":"Privacy Policy - TopFast PCBA | Respect for Your Data","isPartOf":{"@id":"https:\/\/topfastpcba.com\/#website"},"datePublished":"2023-07-10T05:19:37+00:00","dateModified":"2024-01-26T10:04:14+00:00","description":"Understand TopFast PCBA's commitment to your privacy. We clearly outline how we collect, use, protect and handle your personal information.","breadcrumb":{"@id":"https:\/\/topfastpcba.com\/privacy-policy\/#breadcrumb"},"inLanguage":"de","potentialAction":[{"@type":"ReadAction","target":["https:\/\/topfastpcba.com\/privacy-policy\/"]}]},{"@type":"BreadcrumbList","@id":"https:\/\/topfastpcba.com\/privacy-policy\/#breadcrumb","itemListElement":[{"@type":"ListItem","position":1,"name":"Home","item":"https:\/\/topfastpcba.com\/"},{"@type":"ListItem","position":2,"name":"Privacy Policy"}]},{"@type":"WebSite","@id":"https:\/\/topfastpcba.com\/#website","url":"https:\/\/topfastpcba.com\/","name":"Topfastpcba","description":"Topfast Prime Choice for Global Electronics Manufacturing","potentialAction":[{"@type":"SearchAction","target":{"@type":"EntryPoint","urlTemplate":"https:\/\/topfastpcba.com\/?s={search_term_string}"},"query-input":{"@type":"PropertyValueSpecification","valueRequired":true,"valueName":"search_term_string"}}],"inLanguage":"de"}]}},"_links":{"self":[{"href":"https:\/\/topfastpcba.com\/de\/wp-json\/wp\/v2\/pages\/744","targetHints":{"allow":["GET"]}}],"collection":[{"href":"https:\/\/topfastpcba.com\/de\/wp-json\/wp\/v2\/pages"}],"about":[{"href":"https:\/\/topfastpcba.com\/de\/wp-json\/wp\/v2\/types\/page"}],"author":[{"embeddable":true,"href":"https:\/\/topfastpcba.com\/de\/wp-json\/wp\/v2\/users\/1"}],"replies":[{"embeddable":true,"href":"https:\/\/topfastpcba.com\/de\/wp-json\/wp\/v2\/comments?post=744"}],"version-history":[{"count":1,"href":"https:\/\/topfastpcba.com\/de\/wp-json\/wp\/v2\/pages\/744\/revisions"}],"predecessor-version":[{"id":745,"href":"https:\/\/topfastpcba.com\/de\/wp-json\/wp\/v2\/pages\/744\/revisions\/745"}],"wp:attachment":[{"href":"https:\/\/topfastpcba.com\/de\/wp-json\/wp\/v2\/media?parent=744"}],"curies":[{"name":"wp","href":"https:\/\/api.w.org\/{rel}","templated":true}]}}