{"id":7432,"date":"2025-07-26T17:56:32","date_gmt":"2025-07-26T09:56:32","guid":{"rendered":"https:\/\/topfastpcba.com\/?page_id=7432"},"modified":"2026-01-21T09:58:56","modified_gmt":"2026-01-21T01:58:56","slug":"wire-harness","status":"publish","type":"page","link":"https:\/\/topfastpcba.com\/de\/wire-harness\/","title":{"rendered":"Kabelbaum"},"content":{"rendered":"<h2>\n                    14-t\u00e4gige 4-lagige PCBA Unser Versprechen<br \/>\n                <\/h2>\n<p>Schneller &#038; Professionelle schl\u00fcsselfertige PCB-Montage Dienstleistungen<\/p>\n<p>                <a href=\"https:\/\/topfastpcba.com\/de\/contact\/\" rel=\"nofollow\">Sofortiges Angebot anfordern<\/a><\/p>\n<style>\n\/* \u5185\u9875Banner\u6837\u5f0f - tfp-innerpage \u524d\u7f00\u786e\u4fdd\u552f\u4e00\u6027 *\/\n.tfp-innerpage-banner {\n    position: relative;\n    width: 100%;\n    height: 400px;\n    overflow: hidden;\n}\n.tfp-innerpage-banner-bg {\n    position: absolute;\n    width: 100%;\n    height: 100%;\n    background-size: cover;\n    background-position: center;\n    background-repeat: no-repeat;\n}\n.tfp-innerpage-banner-overlay {\n    position: absolute;\n    width: 100%;\n    height: 100%;\n    z-index: 1;\n}\n.tfp-innerpage-banner-content {\n    position: relative;\n    z-index: 2;\n    height: 100%;\n    display: flex;\n    align-items: center;\n    max-width: 1200px;\n    margin: 0 auto;\n    padding: 0 40px;\n}\n.tfp-innerpage-banner-text {\n    max-width: 600px;\n}\n.tfp-innerpage-banner-title {\n    color: white;\n    font-size: 42px;\n    font-weight: 700;\n    line-height: 1.2;\n    margin-bottom: 15px;\n    white-space: nowrap; \/* PC\u7aef\u4e0d\u6362\u884c *\/\n}\n.tfp-green-text {\n    color: #4CAF50; \/* \u7eff\u8272\u6587\u5b57 *\/\n}\n.tfp-innerpage-banner-subtitle {\n    color: white;\n    font-size: 20px;\n    font-weight: 300;\n    margin-bottom: 30px;\n}\n.tfp-innerpage-banner-button {\n    display: inline-block;\n    background: #4CAF50;\n    color: white;\n    padding: 12px 30px;\n    font-size: 16px;\n    font-weight: 500;\n    text-decoration: none;\n    border-radius: 4px;\n    transition: all 0.3s;\n}\n.tfp-innerpage-banner-button:hover {\n    background: #3d8b40;\n    transform: translateY(-2px);\n    box-shadow: 0 4px 8px rgba(0,0,0,0.1);\n}\n\/* \u54cd\u5e94\u5f0f\u8c03\u6574 *\/\n@media (max-width: 992px) {\n    .tfp-innerpage-banner {\n        height: 350px;\n    }\n    .tfp-innerpage-banner-title {\n        font-size: 36px;\n        white-space: normal; \/* \u5e73\u677f\/\u624b\u673a\u5141\u8bb8\u6362\u884c *\/\n    }\n}\n@media (max-width: 768px) {\n    .tfp-innerpage-banner {\n        height: 300px;\n    }\n    .tfp-innerpage-banner-content {\n        padding: 0 20px;\n    }\n    .tfp-innerpage-banner-title {\n        font-size: 28px;\n    }\n    .tfp-innerpage-banner-subtitle {\n        font-size: 18px;\n    }\n    .tfp-innerpage-banner-button {\n        padding: 10px 25px;\n    }\n}\n<\/style>\n<p><!-- Hero Section --><br \/>\nPROFESSIONELLE QUALIT\u00c4T<\/p>\n<h1>Pr\u00e4zisionskabelbaum-L\u00f6sungen<\/h1>\n<p>Entwickelt f\u00fcr Zuverl\u00e4ssigkeit in den anspruchsvollsten Anwendungen<\/p>\n<p>10,000+<br \/>\nBenutzerdefinierte Konfigurationen<br \/>\n72h<br \/>\nSchnelles Prototyping<br \/>\n100%<br \/>\nGepr\u00fcfte Verl\u00e4sslichkeit<br \/>\n<img decoding=\"async\" src=\"https:\/\/topfastpcba.com\/wp-content\/uploads\/2025\/07\/4\u670817\u65e51-\u5c01\u9762.jpg\" alt=\"Pr\u00e4zisions-Kabelbaum\" \/><br \/>\n<button><br \/>\n <a href=\"https:\/\/topfastpcba.com\/de\/contact\/\">Angebot anfordern<\/a><br \/>\n<\/button><br \/>\n<!-- Value Props --><\/p>\n<h2>Warum sollten Sie unsere Kabelbauml\u00f6sungen w\u00e4hlen?<\/h2>\n<p>IPC<\/p>\n<h3>Zertifizierte Exzellenz<\/h3>\n<p>IPC\/WHMA-A-620 Klasse 3 zertifiziert mit vollst\u00e4ndiger R\u00fcckverfolgbarkeit<\/p>\n<p>DFM<\/p>\n<h3>Fortgeschrittene Technik<\/h3>\n<p>3D-Modellierung und DFM-Analyse f\u00fcr optimale Entw\u00fcrfe<\/p>\n<p>Q\/T<\/p>\n<h3>Schneller Umschwung<\/h3>\n<p>Vom Prototyp zur Produktion in nur 72 Stunden<\/p>\n<p><!-- Product Features --><\/p>\n<h2>Premium-Kabelbaum Merkmale<\/h2>\n<p>Entwickelt, um die h\u00f6chsten Industriestandards zu erf\u00fcllen<\/p>\n<p><!-- Materials Feature --><\/p>\n<h3>\u00dcberlegene Materialien<\/h3>\n<ul>\n<li> UL-anerkannter Draht (1007, 1015, 1569)<\/li>\n<li> High-temp insulation (up to 200\u00b0C)<\/li>\n<li> Vergoldete\/nickelbeschichtete Kontakte<\/li>\n<li> Individuelle Umspritzungsoptionen<\/li>\n<\/ul>\n<p><!-- Types Feature --><\/p>\n<h3>Umfassende Auswahl<\/h3>\n<p>Flachbandkabel<br \/>\nRund geb\u00fcndelt<br \/>\nGeschirmte Baugruppen<br \/>\nIndividuell geformt<br \/>\nFFC\/FPC-Jumper<br \/>\n\u00dcberflochtene<br \/>\n<!-- Specs Feature --><\/p>\n<h3><\/h3>\n<p>AWG 40-8<br \/>\nDrahtst\u00e4rke<br \/>\n1-256<br \/>\nAnzahl der Schaltkreise<br \/>\n\u00b10.2mm<br \/>\nL\u00e4ngentoleranz<br \/>\n500V AC<br \/>\nStehende Spannung<br \/>\n<!-- Applications --><\/p>\n<h2>Anwendungen in der Industrie<\/h2>\n<p>Das Vertrauen von F\u00fchrungskr\u00e4ften aus verschiedenen Sektoren<\/p>\n<h4>Automobilindustrie<\/h4>\n<p>ECU-Verbindungen, Sensorverkabelung, Infotainment-Systeme<\/p>\n<h4>Industriell<\/h4>\n<p>Schalttafeln, Motorverkabelung, PLC-Anschl\u00fcsse<\/p>\n<h4>Medizinische<\/h4>\n<p>Diagnostische Ger\u00e4te, Ger\u00e4te zur Patienten\u00fcberwachung<\/p>\n<h4>Telekommunikation<\/h4>\n<p>Verkabelung von Basisstationen, Installation von Serverschr\u00e4nken<\/p>\n<p><!-- CTA --><\/p>\n<h2>Sind Sie bereit, die Qualit\u00e4t Ihrer Kabelb\u00e4ume zu verbessern?<\/h2>\n<p>Kontaktieren Sie unser Ingenieurteam f\u00fcr eine ma\u00dfgeschneiderte L\u00f6sung<\/p>\n<p><button><br \/>\n <a href='https:\/\/topfastpcba.com\/de\/contact\/'>Konsultation anfordern<\/a><br \/>\n<\/button><br \/>\n<!-- Standalone FAQ Module --><\/p>\n<h2>FAQ<\/h2>\n<p>      <!-- Left Column --><\/p>\n<h3>Welche Zertifizierungen haben Ihre Kabelb\u00e4ume?<\/h3>\n<p>Unsere Kabelb\u00e4ume erf\u00fcllen die IPC\/WHMA-A-620-Normen der Klasse 3 und entsprechen in vollem Umfang den UL-, CSA- und RoHS-Zertifizierungen. Mit jeder Lieferung wird eine vollst\u00e4ndige Dokumentation mitgeliefert.<\/p>\n<h3>Wie lange ist Ihre Produktionsvorlaufzeit?<\/h3>\n<p>Die Standardproduktion dauert 2-3 Wochen. Eildienste sind verf\u00fcgbar, wobei der Prototyp innerhalb von nur 72 Stunden geliefert werden kann. Komplexe kundenspezifische Designs k\u00f6nnen zus\u00e4tzliche Entwicklungszeit erfordern.<\/p>\n<h3>Wie hoch ist Ihre Mindestbestellmenge?<\/h3>\n<p>Keine Mindestbestellmenge f\u00fcr Prototypen, 50+ Einheiten f\u00fcr kleine Chargen, mit Mengenrabatten ab 1.000 Einheiten. Wir unterst\u00fctzen alles vom Prototyping bis zur Gro\u00dfserienproduktion.<\/p>\n<p>      <!-- Right Column --><\/p>\n<h3>Wie stellen Sie die Produktqualit\u00e4t sicher?<\/h3>\n<p>Unser 5-stufiger Qualit\u00e4tsprozess umfasst: 1) Eingangskontrolle 2) In-Prozess-Pr\u00fcfung 3) Automatisierte optische Pr\u00fcfung 4) 100%ige Durchgangspr\u00fcfung 5) Endg\u00fcltige Stichprobe.<\/p>\n<h3>Welche Anpassungsm\u00f6glichkeiten gibt es?<\/h3>\n<p>Wir passen Kabeltypen, Steckverbinder, Farbcodierungen, Kabelbauml\u00e4ngen und Verpackungen an. Unsere Ingenieure geben DFM-Feedback, um Ihr Design f\u00fcr die Fertigung zu optimieren.<\/p>\n<h3>Welche Versandarten bieten Sie an?<\/h3>\n<p>Wir bieten ESD-sichere Verpackungen und arbeiten mit den wichtigsten Spediteuren (DHL, FedEx, UPS) zusammen. Klimatisierter Versand und Lieferungen an mehrere Zielorte sind f\u00fcr gro\u00dfe Bestellungen m\u00f6glich.<\/p>","protected":false},"excerpt":{"rendered":"<p>14-Tage 4-Layer PCBA Unser Versprechen Schneller &#038; Professionelle schl\u00fcsselfertige PCB-Montage Services Sofortiges Angebot einholen PROFESSIONAL GRADE Pr\u00e4zisionskabelbauml\u00f6sungen Entwickelt f\u00fcr Zuverl\u00e4ssigkeit in den anspruchsvollsten Anwendungen 10.000+ kundenspezifische Konfigurationen 72h Rapid Prototyping 100% gepr\u00fcfte Zuverl\u00e4ssigkeit Angebot anfordern Warum unsere Kabelbauml\u00f6sungen w\u00e4hlen IPC-zertifizierte Exzellenz IPC\/WHMA-A-620 Klasse 3 zertifiziert mit voller [&hellip;]<\/p>","protected":false},"author":2,"featured_media":0,"parent":0,"menu_order":0,"comment_status":"closed","ping_status":"closed","template":"page\/wire-harness.php","meta":{"footnotes":""},"class_list":["post-7432","page","type-page","status-publish","hentry"],"yoast_head":"<!-- This site is optimized with the Yoast SEO plugin v24.6 - https:\/\/yoast.com\/wordpress\/plugins\/seo\/ -->\n<title>Professional Wire Harness Customization, High-Quality Wire Harness Manufacturer - Topfast<\/title>\n<meta name=\"description\" content=\"Topfast provides professional wire harness design, manufacturing, and assembly services, covering automotive wire harnesses, industrial equipment wire harnesses, medical electronic wire harnesses, and more. We use UL\/CE-certified wire materials and support customized terminals, waterproofing, shielding, and other processes.\" \/>\n<meta name=\"robots\" content=\"index, follow, max-snippet:-1, max-image-preview:large, max-video-preview:-1\" \/>\n<link rel=\"canonical\" href=\"https:\/\/topfastpcba.com\/de\/wire-harness\/\" \/>\n<meta property=\"og:locale\" content=\"de_DE\" \/>\n<meta property=\"og:type\" content=\"article\" \/>\n<meta property=\"og:title\" content=\"Professional Wire Harness Customization, High-Quality Wire Harness Manufacturer - Topfast\" \/>\n<meta property=\"og:description\" content=\"Topfast provides professional wire harness design, manufacturing, and assembly services, covering automotive wire harnesses, industrial equipment wire harnesses, medical electronic wire harnesses, and more. We use UL\/CE-certified wire materials and support customized terminals, waterproofing, shielding, and other processes.\" \/>\n<meta property=\"og:url\" content=\"https:\/\/topfastpcba.com\/de\/wire-harness\/\" \/>\n<meta property=\"og:site_name\" content=\"Topfastpcba\" \/>\n<meta property=\"article:modified_time\" content=\"2026-01-21T01:58:56+00:00\" \/>\n<meta name=\"twitter:card\" content=\"summary_large_image\" \/>\n<meta name=\"twitter:label1\" content=\"Gesch\u00e4tzte Lesezeit\" \/>\n\t<meta name=\"twitter:data1\" content=\"2\u00a0Minuten\" \/>\n<script type=\"application\/ld+json\" class=\"yoast-schema-graph\">{\"@context\":\"https:\/\/schema.org\",\"@graph\":[{\"@type\":\"WebPage\",\"@id\":\"https:\/\/topfastpcba.com\/wire-harness\/\",\"url\":\"https:\/\/topfastpcba.com\/wire-harness\/\",\"name\":\"Professional Wire Harness Customization, High-Quality Wire Harness Manufacturer - Topfast\",\"isPartOf\":{\"@id\":\"https:\/\/topfastpcba.com\/#website\"},\"datePublished\":\"2025-07-26T09:56:32+00:00\",\"dateModified\":\"2026-01-21T01:58:56+00:00\",\"description\":\"Topfast provides professional wire harness design, manufacturing, and assembly services, covering automotive wire harnesses, industrial equipment wire harnesses, medical electronic wire harnesses, and more. We use UL\/CE-certified wire materials and support customized terminals, waterproofing, shielding, and other processes.\",\"breadcrumb\":{\"@id\":\"https:\/\/topfastpcba.com\/wire-harness\/#breadcrumb\"},\"inLanguage\":\"de\",\"potentialAction\":[{\"@type\":\"ReadAction\",\"target\":[\"https:\/\/topfastpcba.com\/wire-harness\/\"]}]},{\"@type\":\"BreadcrumbList\",\"@id\":\"https:\/\/topfastpcba.com\/wire-harness\/#breadcrumb\",\"itemListElement\":[{\"@type\":\"ListItem\",\"position\":1,\"name\":\"Home\",\"item\":\"https:\/\/topfastpcba.com\/\"},{\"@type\":\"ListItem\",\"position\":2,\"name\":\"Wire Harness\"}]},{\"@type\":\"WebSite\",\"@id\":\"https:\/\/topfastpcba.com\/#website\",\"url\":\"https:\/\/topfastpcba.com\/\",\"name\":\"Topfastpcba\",\"description\":\"Topfast Prime Choice for Global Electronics Manufacturing\",\"potentialAction\":[{\"@type\":\"SearchAction\",\"target\":{\"@type\":\"EntryPoint\",\"urlTemplate\":\"https:\/\/topfastpcba.com\/?s={search_term_string}\"},\"query-input\":{\"@type\":\"PropertyValueSpecification\",\"valueRequired\":true,\"valueName\":\"search_term_string\"}}],\"inLanguage\":\"de\"}]}<\/script>\n<!-- \/ Yoast SEO plugin. -->","yoast_head_json":{"title":"Professional Wire Harness Customization, High-Quality Wire Harness Manufacturer - Topfast","description":"Topfast provides professional wire harness design, manufacturing, and assembly services, covering automotive wire harnesses, industrial equipment wire harnesses, medical electronic wire harnesses, and more. We use UL\/CE-certified wire materials and support customized terminals, waterproofing, shielding, and other processes.","robots":{"index":"index","follow":"follow","max-snippet":"max-snippet:-1","max-image-preview":"max-image-preview:large","max-video-preview":"max-video-preview:-1"},"canonical":"https:\/\/topfastpcba.com\/de\/wire-harness\/","og_locale":"de_DE","og_type":"article","og_title":"Professional Wire Harness Customization, High-Quality Wire Harness Manufacturer - Topfast","og_description":"Topfast provides professional wire harness design, manufacturing, and assembly services, covering automotive wire harnesses, industrial equipment wire harnesses, medical electronic wire harnesses, and more. We use UL\/CE-certified wire materials and support customized terminals, waterproofing, shielding, and other processes.","og_url":"https:\/\/topfastpcba.com\/de\/wire-harness\/","og_site_name":"Topfastpcba","article_modified_time":"2026-01-21T01:58:56+00:00","twitter_card":"summary_large_image","twitter_misc":{"Gesch\u00e4tzte Lesezeit":"2\u00a0Minuten"},"schema":{"@context":"https:\/\/schema.org","@graph":[{"@type":"WebPage","@id":"https:\/\/topfastpcba.com\/wire-harness\/","url":"https:\/\/topfastpcba.com\/wire-harness\/","name":"Professional Wire Harness Customization, High-Quality Wire Harness Manufacturer - Topfast","isPartOf":{"@id":"https:\/\/topfastpcba.com\/#website"},"datePublished":"2025-07-26T09:56:32+00:00","dateModified":"2026-01-21T01:58:56+00:00","description":"Topfast provides professional wire harness design, manufacturing, and assembly services, covering automotive wire harnesses, industrial equipment wire harnesses, medical electronic wire harnesses, and more. We use UL\/CE-certified wire materials and support customized terminals, waterproofing, shielding, and other processes.","breadcrumb":{"@id":"https:\/\/topfastpcba.com\/wire-harness\/#breadcrumb"},"inLanguage":"de","potentialAction":[{"@type":"ReadAction","target":["https:\/\/topfastpcba.com\/wire-harness\/"]}]},{"@type":"BreadcrumbList","@id":"https:\/\/topfastpcba.com\/wire-harness\/#breadcrumb","itemListElement":[{"@type":"ListItem","position":1,"name":"Home","item":"https:\/\/topfastpcba.com\/"},{"@type":"ListItem","position":2,"name":"Wire Harness"}]},{"@type":"WebSite","@id":"https:\/\/topfastpcba.com\/#website","url":"https:\/\/topfastpcba.com\/","name":"Topfastpcba","description":"Topfast Prime Choice for Global Electronics Manufacturing","potentialAction":[{"@type":"SearchAction","target":{"@type":"EntryPoint","urlTemplate":"https:\/\/topfastpcba.com\/?s={search_term_string}"},"query-input":{"@type":"PropertyValueSpecification","valueRequired":true,"valueName":"search_term_string"}}],"inLanguage":"de"}]}},"_links":{"self":[{"href":"https:\/\/topfastpcba.com\/de\/wp-json\/wp\/v2\/pages\/7432","targetHints":{"allow":["GET"]}}],"collection":[{"href":"https:\/\/topfastpcba.com\/de\/wp-json\/wp\/v2\/pages"}],"about":[{"href":"https:\/\/topfastpcba.com\/de\/wp-json\/wp\/v2\/types\/page"}],"author":[{"embeddable":true,"href":"https:\/\/topfastpcba.com\/de\/wp-json\/wp\/v2\/users\/2"}],"replies":[{"embeddable":true,"href":"https:\/\/topfastpcba.com\/de\/wp-json\/wp\/v2\/comments?post=7432"}],"version-history":[{"count":22,"href":"https:\/\/topfastpcba.com\/de\/wp-json\/wp\/v2\/pages\/7432\/revisions"}],"predecessor-version":[{"id":7890,"href":"https:\/\/topfastpcba.com\/de\/wp-json\/wp\/v2\/pages\/7432\/revisions\/7890"}],"wp:attachment":[{"href":"https:\/\/topfastpcba.com\/de\/wp-json\/wp\/v2\/media?parent=7432"}],"curies":[{"name":"wp","href":"https:\/\/api.w.org\/{rel}","templated":true}]}}